{"id":8180,"date":"2024-09-25T13:39:09","date_gmt":"2024-09-25T11:39:09","guid":{"rendered":"https:\/\/3si-green.com\/?page_id=8180"},"modified":"2024-09-25T13:43:34","modified_gmt":"2024-09-25T11:43:34","slug":"docutheque","status":"publish","type":"page","link":"https:\/\/3si-green.com\/en\/docutheque\/","title":{"rendered":"Docuth\u00e8que"},"content":{"rendered":"<div data-elementor-type=\"wp-page\" data-elementor-id=\"8180\" class=\"elementor elementor-8180\">\n\t\t\t\t<div class=\"elementor-element elementor-element-effe7b1 e-flex e-con-boxed e-con e-parent\" data-id=\"effe7b1\" data-element_type=\"container\">\n\t\t\t\t\t<div class=\"e-con-inner\">\n\t\t\t\t<div class=\"elementor-element elementor-element-3400711 elementor-widget elementor-widget-vc_custom_heading\" data-id=\"3400711\" data-element_type=\"widget\" data-widget_type=\"vc_custom_heading.default\">\n\t\t\t\t<div class=\"elementor-widget-container\">\n\t\t\t\t\t<div class=\"vc_custom_heading  consulting_heading_font  text_align_left\" ><h3 style=\"text-align: left\" class=\"consulting-custom-title\">Liens utiles\n<\/h3><\/div>\t\t\t\t<\/div>\n\t\t\t\t<\/div>\n\t\t\t\t\t<\/div>\n\t\t\t\t<\/div>\n\t\t<div class=\"elementor-element elementor-element-d8d1ce8 e-flex e-con-boxed e-con e-parent\" data-id=\"d8d1ce8\" data-element_type=\"container\">\n\t\t\t\t\t<div class=\"e-con-inner\">\n\t\t<div class=\"elementor-element elementor-element-6d7151a e-con-full e-flex e-con e-child\" data-id=\"6d7151a\" data-element_type=\"container\">\n\t\t\t\t<div class=\"elementor-element elementor-element-6067bfd elementor-widget elementor-widget-text-editor\" data-id=\"6067bfd\" data-element_type=\"widget\" data-widget_type=\"text-editor.default\">\n\t\t\t\t<div class=\"elementor-widget-container\">\n\t\t\t\t\t\t\t\t\t<ul>\n<li>https:\/\/www.thegef.org\/<\/li>\n<li>https:\/\/www.greenclimate.fund\/<\/li>\n<li>https:\/\/www.adaptation-fund.org\/<\/li>\n<li>https:\/\/www.afdb.org\/<\/li>\n<li>https:\/\/www.worldbank.org\/en\/home<\/li>\n<\/ul>\n\t\t\t\t\t\t\t\t<\/div>\n\t\t\t\t<\/div>\n\t\t\t\t<\/div>\n\t\t<div class=\"elementor-element elementor-element-3ee4211 e-con-full e-flex e-con e-child\" data-id=\"3ee4211\" data-element_type=\"container\">\n\t\t\t\t<div class=\"elementor-element elementor-element-0f6f575 elementor-widget elementor-widget-text-editor\" data-id=\"0f6f575\" data-element_type=\"widget\" data-widget_type=\"text-editor.default\">\n\t\t\t\t<div class=\"elementor-widget-container\">\n\t\t\t\t\t\t\t\t\t<ul>\n<li>https:\/\/www.climatebonds.net\/<\/li>\n<li>https:\/\/www.unepfi.org\/<\/li>\n<li>https:\/\/gggi.org\/<\/li>\n<li>https:\/\/www.fsb-tcfd.org\/<\/li>\n<li>https:\/\/cnscl.sn\/<\/li>\n<\/ul>\n\t\t\t\t\t\t\t\t<\/div>\n\t\t\t\t<\/div>\n\t\t\t\t<\/div>\n\t\t\t\t\t<\/div>\n\t\t\t\t<\/div>\n\t\t<div class=\"elementor-element elementor-element-bfb54c5 e-flex e-con-boxed e-con e-parent\" data-id=\"bfb54c5\" data-element_type=\"container\">\n\t\t\t\t\t<div class=\"e-con-inner\">\n\t\t\t\t<div class=\"elementor-element elementor-element-10b884f elementor-widget elementor-widget-vc_custom_heading\" data-id=\"10b884f\" data-element_type=\"widget\" data-widget_type=\"vc_custom_heading.default\">\n\t\t\t\t<div class=\"elementor-widget-container\">\n\t\t\t\t\t<div class=\"vc_custom_heading  consulting_heading_font  text_align_left\" ><h3 style=\"text-align: left\" class=\"consulting-custom-title\">Documents\n<\/h3><\/div>\t\t\t\t<\/div>\n\t\t\t\t<\/div>\n\t\t\t\t\t<\/div>\n\t\t\t\t<\/div>\n\t\t<div class=\"elementor-element elementor-element-9a5705d e-flex e-con-boxed e-con e-parent\" data-id=\"9a5705d\" data-element_type=\"container\">\n\t\t\t\t\t<div class=\"e-con-inner\">\n\t\t<div class=\"elementor-element elementor-element-ceb6828 e-con-full e-flex e-con e-child\" data-id=\"ceb6828\" data-element_type=\"container\">\n\t\t\t\t<div class=\"elementor-element elementor-element-1f61d96 elementor-align-left elementor-widget elementor-widget-button\" data-id=\"1f61d96\" data-element_type=\"widget\" data-widget_type=\"button.default\">\n\t\t\t\t<div class=\"elementor-widget-container\">\n\t\t\t\t\t\t\t\t\t<div class=\"elementor-button-wrapper icon_align_row-reverse\">\n\t\t\t\t\t<a class=\"elementor-button elementor-button-link elementor-size-sm\" href=\"https:\/\/3si-green.com\/wp-content\/uploads\/2024\/09\/Final_Doc_cadre_Financements_durables-REP_SN_web_FR_160623-1.pdf\">\n\t\t\t\t\t\t<span class=\"elementor-button-content-wrapper\">\n\t\t\t\t\t\t<span class=\"elementor-button-icon\">\n\t\t\t\t<svg aria-hidden=\"true\" class=\"e-font-icon-svg e-fas-download\" viewbox=\"0 0 512 512\" xmlns=\"http:\/\/www.w3.org\/2000\/svg\"><path d=\"M216 0h80c13.3 0 24 10.7 24 24v168h87.7c17.8 0 26.7 21.5 14.1 34.1L269.7 378.3c-7.5 7.5-19.8 7.5-27.3 0L90.1 226.1c-12.6-12.6-3.7-34.1 14.1-34.1H192V24c0-13.3 10.7-24 24-24zm296 376v112c0 13.3-10.7 24-24 24H24c-13.3 0-24-10.7-24-24V376c0-13.3 10.7-24 24-24h146.7l49 49c20.1 20.1 52.5 20.1 72.6 0l49-49H488c13.3 0 24 10.7 24 24zm-124 88c0-11-9-20-20-20s-20 9-20 20 9 20 20 20 20-9 20-20zm64 0c0-11-9-20-20-20s-20 9-20 20 9 20 20 20 20-9 20-20z\"><\/path><\/svg>\t\t\t<\/span>\n\t\t\t\t\t\t\t\t\t<span class=\"elementor-button-text\">Document financements Durables S\u00e9n\u00e9gal<\/span>\n\t\t\t\t\t<\/span>\n\t\t\t\t\t<\/a>\n\t\t\t\t<\/div>\n\t\t\t\t\t\t\t\t<\/div>\n\t\t\t\t<\/div>\n\t\t\t\t<\/div>\n\t\t<div class=\"elementor-element elementor-element-1e36969 e-con-full e-flex e-con e-child\" data-id=\"1e36969\" data-element_type=\"container\">\n\t\t\t\t<div class=\"elementor-element elementor-element-58be1c4 elementor-align-left elementor-widget elementor-widget-button\" data-id=\"58be1c4\" data-element_type=\"widget\" data-widget_type=\"button.default\">\n\t\t\t\t<div class=\"elementor-widget-container\">\n\t\t\t\t\t\t\t\t\t<div class=\"elementor-button-wrapper icon_align_row-reverse\">\n\t\t\t\t\t<a class=\"elementor-button elementor-button-link elementor-size-sm\" href=\"https:\/\/3si-green.com\/wp-content\/uploads\/2024\/09\/Decret-n\u00b02021-249-du-22-fev-2021-modif-le-decret-n\u00b02020-2065-du-28-oct-2020-fixant-les-modalites-de-participation-des-investisseurs-senegalais.pdf\">\n\t\t\t\t\t\t<span class=\"elementor-button-content-wrapper\">\n\t\t\t\t\t\t<span class=\"elementor-button-icon\">\n\t\t\t\t<svg aria-hidden=\"true\" class=\"e-font-icon-svg e-fas-download\" viewbox=\"0 0 512 512\" xmlns=\"http:\/\/www.w3.org\/2000\/svg\"><path d=\"M216 0h80c13.3 0 24 10.7 24 24v168h87.7c17.8 0 26.7 21.5 14.1 34.1L269.7 378.3c-7.5 7.5-19.8 7.5-27.3 0L90.1 226.1c-12.6-12.6-3.7-34.1 14.1-34.1H192V24c0-13.3 10.7-24 24-24zm296 376v112c0 13.3-10.7 24-24 24H24c-13.3 0-24-10.7-24-24V376c0-13.3 10.7-24 24-24h146.7l49 49c20.1 20.1 52.5 20.1 72.6 0l49-49H488c13.3 0 24 10.7 24 24zm-124 88c0-11-9-20-20-20s-20 9-20 20 9 20 20 20 20-9 20-20zm64 0c0-11-9-20-20-20s-20 9-20 20 9 20 20 20 20-9 20-20z\"><\/path><\/svg>\t\t\t<\/span>\n\t\t\t\t\t\t\t\t\t<span class=\"elementor-button-text\">Loi \"Local Content\" S\u00e9n\u00e9gal<\/span>\n\t\t\t\t\t<\/span>\n\t\t\t\t\t<\/a>\n\t\t\t\t<\/div>\n\t\t\t\t\t\t\t\t<\/div>\n\t\t\t\t<\/div>\n\t\t\t\t<\/div>\n\t\t<div class=\"elementor-element elementor-element-043c17a e-con-full e-flex e-con e-child\" data-id=\"043c17a\" data-element_type=\"container\">\n\t\t\t\t<div class=\"elementor-element elementor-element-43d92f7 elementor-align-left elementor-widget elementor-widget-button\" data-id=\"43d92f7\" data-element_type=\"widget\" data-widget_type=\"button.default\">\n\t\t\t\t<div class=\"elementor-widget-container\">\n\t\t\t\t\t\t\t\t\t<div class=\"elementor-button-wrapper icon_align_row-reverse\">\n\t\t\t\t\t<a class=\"elementor-button elementor-button-link elementor-size-sm\" href=\"https:\/\/3si-green.com\/wp-content\/uploads\/2024\/09\/plan-strategique-Djoliba.pdf\">\n\t\t\t\t\t\t<span class=\"elementor-button-content-wrapper\">\n\t\t\t\t\t\t<span class=\"elementor-button-icon\">\n\t\t\t\t<svg aria-hidden=\"true\" class=\"e-font-icon-svg e-fas-download\" viewbox=\"0 0 512 512\" xmlns=\"http:\/\/www.w3.org\/2000\/svg\"><path d=\"M216 0h80c13.3 0 24 10.7 24 24v168h87.7c17.8 0 26.7 21.5 14.1 34.1L269.7 378.3c-7.5 7.5-19.8 7.5-27.3 0L90.1 226.1c-12.6-12.6-3.7-34.1 14.1-34.1H192V24c0-13.3 10.7-24 24-24zm296 376v112c0 13.3-10.7 24-24 24H24c-13.3 0-24-10.7-24-24V376c0-13.3 10.7-24 24-24h146.7l49 49c20.1 20.1 52.5 20.1 72.6 0l49-49H488c13.3 0 24 10.7 24 24zm-124 88c0-11-9-20-20-20s-20 9-20 20 9 20 20 20 20-9 20-20zm64 0c0-11-9-20-20-20s-20 9-20 20 9 20 20 20 20-9 20-20z\"><\/path><\/svg>\t\t\t<\/span>\n\t\t\t\t\t\t\t\t\t<span class=\"elementor-button-text\">Document Strat\u00e9gique Djoliba \"BOAD\"<\/span>\n\t\t\t\t\t<\/span>\n\t\t\t\t\t<\/a>\n\t\t\t\t<\/div>\n\t\t\t\t\t\t\t\t<\/div>\n\t\t\t\t<\/div>\n\t\t\t\t<\/div>\n\t\t<div class=\"elementor-element elementor-element-5002509 e-con-full e-flex e-con e-child\" data-id=\"5002509\" data-element_type=\"container\">\n\t\t\t\t<div class=\"elementor-element elementor-element-2651158 elementor-align-left elementor-widget elementor-widget-button\" data-id=\"2651158\" data-element_type=\"widget\" data-widget_type=\"button.default\">\n\t\t\t\t<div class=\"elementor-widget-container\">\n\t\t\t\t\t\t\t\t\t<div class=\"elementor-button-wrapper icon_align_row-reverse\">\n\t\t\t\t\t<a class=\"elementor-button elementor-button-link elementor-size-sm\" href=\"https:\/\/3si-green.com\/wp-content\/uploads\/2024\/09\/economic_report_finance_in_africa_2021_fr.pdf\">\n\t\t\t\t\t\t<span class=\"elementor-button-content-wrapper\">\n\t\t\t\t\t\t<span class=\"elementor-button-icon\">\n\t\t\t\t<svg aria-hidden=\"true\" class=\"e-font-icon-svg e-fas-download\" viewbox=\"0 0 512 512\" xmlns=\"http:\/\/www.w3.org\/2000\/svg\"><path d=\"M216 0h80c13.3 0 24 10.7 24 24v168h87.7c17.8 0 26.7 21.5 14.1 34.1L269.7 378.3c-7.5 7.5-19.8 7.5-27.3 0L90.1 226.1c-12.6-12.6-3.7-34.1 14.1-34.1H192V24c0-13.3 10.7-24 24-24zm296 376v112c0 13.3-10.7 24-24 24H24c-13.3 0-24-10.7-24-24V376c0-13.3 10.7-24 24-24h146.7l49 49c20.1 20.1 52.5 20.1 72.6 0l49-49H488c13.3 0 24 10.7 24 24zm-124 88c0-11-9-20-20-20s-20 9-20 20 9 20 20 20 20-9 20-20zm64 0c0-11-9-20-20-20s-20 9-20 20 9 20 20 20 20-9 20-20z\"><\/path><\/svg>\t\t\t<\/span>\n\t\t\t\t\t\t\t\t\t<span class=\"elementor-button-text\">D\u00e9veloppement Vert &amp; Intelligent EIB<\/span>\n\t\t\t\t\t<\/span>\n\t\t\t\t\t<\/a>\n\t\t\t\t<\/div>\n\t\t\t\t\t\t\t\t<\/div>\n\t\t\t\t<\/div>\n\t\t\t\t<\/div>\n\t\t\t\t\t<\/div>\n\t\t\t\t<\/div>\n\t\t\t\t<\/div>","protected":false},"excerpt":{"rendered":"<p>Liens utiles https:\/\/www.thegef.org\/ https:\/\/www.greenclimate.fund\/ https:\/\/www.adaptation-fund.org\/ https:\/\/www.afdb.org\/ https:\/\/www.worldbank.org\/en\/home https:\/\/www.climatebonds.net\/ https:\/\/www.unepfi.org\/ https:\/\/gggi.org\/ https:\/\/www.fsb-tcfd.org\/ https:\/\/cnscl.sn\/ Documents Document financements Durables S\u00e9n\u00e9gal Loi \u00ab\u00a0Local Content\u00a0\u00bb S\u00e9n\u00e9gal Document Strat\u00e9gique Djoliba \u00ab\u00a0BOAD\u00a0\u00bb D\u00e9veloppement Vert &#038; Intelligent EIB<\/p>","protected":false},"author":1,"featured_media":0,"parent":0,"menu_order":0,"comment_status":"closed","ping_status":"closed","template":"","meta":{"footnotes":""},"class_list":["post-8180","page","type-page","status-publish","hentry"],"yoast_head":"<!-- This site is optimized with the Yoast SEO plugin v23.7 - https:\/\/yoast.com\/wordpress\/plugins\/seo\/ -->\n<title>Docuth\u00e8que - 3S INGENIERIE<\/title>\n<meta name=\"robots\" content=\"index, follow, max-snippet:-1, max-image-preview:large, max-video-preview:-1\" \/>\n<link rel=\"canonical\" href=\"https:\/\/3si-green.com\/en\/docutheque\/\" \/>\n<meta property=\"og:locale\" content=\"en_US\" \/>\n<meta property=\"og:type\" content=\"article\" \/>\n<meta property=\"og:title\" content=\"Docuth\u00e8que - 3S INGENIERIE\" \/>\n<meta property=\"og:description\" content=\"Liens utiles https:\/\/www.thegef.org\/ https:\/\/www.greenclimate.fund\/ https:\/\/www.adaptation-fund.org\/ https:\/\/www.afdb.org\/ https:\/\/www.worldbank.org\/en\/home https:\/\/www.climatebonds.net\/ https:\/\/www.unepfi.org\/ https:\/\/gggi.org\/ https:\/\/www.fsb-tcfd.org\/ https:\/\/cnscl.sn\/ Documents Document financements Durables S\u00e9n\u00e9gal Loi \u00ab\u00a0Local Content\u00a0\u00bb S\u00e9n\u00e9gal Document Strat\u00e9gique Djoliba \u00ab\u00a0BOAD\u00a0\u00bb D\u00e9veloppement Vert &#038; Intelligent EIB\" \/>\n<meta property=\"og:url\" content=\"https:\/\/3si-green.com\/en\/docutheque\/\" \/>\n<meta property=\"og:site_name\" content=\"3S INGENIERIE\" \/>\n<meta property=\"article:modified_time\" content=\"2024-09-25T11:43:34+00:00\" \/>\n<meta name=\"twitter:card\" content=\"summary_large_image\" \/>\n<meta name=\"twitter:site\" content=\"@3sigreen\" \/>\n<script type=\"application\/ld+json\" class=\"yoast-schema-graph\">{\"@context\":\"https:\/\/schema.org\",\"@graph\":[{\"@type\":\"WebPage\",\"@id\":\"https:\/\/3si-green.com\/docutheque\/\",\"url\":\"https:\/\/3si-green.com\/docutheque\/\",\"name\":\"Docuth\u00e8que - 3S INGENIERIE\",\"isPartOf\":{\"@id\":\"https:\/\/3si-green.com\/#website\"},\"datePublished\":\"2024-09-25T11:39:09+00:00\",\"dateModified\":\"2024-09-25T11:43:34+00:00\",\"breadcrumb\":{\"@id\":\"https:\/\/3si-green.com\/docutheque\/#breadcrumb\"},\"inLanguage\":\"en-US\",\"potentialAction\":[{\"@type\":\"ReadAction\",\"target\":[\"https:\/\/3si-green.com\/docutheque\/\"]}]},{\"@type\":\"BreadcrumbList\",\"@id\":\"https:\/\/3si-green.com\/docutheque\/#breadcrumb\",\"itemListElement\":[{\"@type\":\"ListItem\",\"position\":1,\"name\":\"Accueil\",\"item\":\"https:\/\/3si-green.com\/\"},{\"@type\":\"ListItem\",\"position\":2,\"name\":\"Docuth\u00e8que\"}]},{\"@type\":\"WebSite\",\"@id\":\"https:\/\/3si-green.com\/#website\",\"url\":\"https:\/\/3si-green.com\/\",\"name\":\"3S INGENIERIE\",\"description\":\"Cabinet d&#039;Ing\u00e9nierie &amp; de D\u00e9veloppement\",\"publisher\":{\"@id\":\"https:\/\/3si-green.com\/#organization\"},\"potentialAction\":[{\"@type\":\"SearchAction\",\"target\":{\"@type\":\"EntryPoint\",\"urlTemplate\":\"https:\/\/3si-green.com\/?s={search_term_string}\"},\"query-input\":{\"@type\":\"PropertyValueSpecification\",\"valueRequired\":true,\"valueName\":\"search_term_string\"}}],\"inLanguage\":\"en-US\"},{\"@type\":\"Organization\",\"@id\":\"https:\/\/3si-green.com\/#organization\",\"name\":\"3S INGENIERIE\",\"url\":\"https:\/\/3si-green.com\/\",\"logo\":{\"@type\":\"ImageObject\",\"inLanguage\":\"en-US\",\"@id\":\"https:\/\/3si-green.com\/#\/schema\/logo\/image\/\",\"url\":\"https:\/\/3si-green.com\/wp-content\/uploads\/2024\/08\/LOGO_EXPORT-1-e1724051297899.png\",\"contentUrl\":\"https:\/\/3si-green.com\/wp-content\/uploads\/2024\/08\/LOGO_EXPORT-1-e1724051297899.png\",\"width\":2762,\"height\":2758,\"caption\":\"3S INGENIERIE\"},\"image\":{\"@id\":\"https:\/\/3si-green.com\/#\/schema\/logo\/image\/\"},\"sameAs\":[\"https:\/\/x.com\/3sigreen\"]}]}<\/script>\n<!-- \/ Yoast SEO plugin. -->","yoast_head_json":{"title":"Docuth\u00e8que - 3S INGENIERIE","robots":{"index":"index","follow":"follow","max-snippet":"max-snippet:-1","max-image-preview":"max-image-preview:large","max-video-preview":"max-video-preview:-1"},"canonical":"https:\/\/3si-green.com\/en\/docutheque\/","og_locale":"en_US","og_type":"article","og_title":"Docuth\u00e8que - 3S INGENIERIE","og_description":"Liens utiles https:\/\/www.thegef.org\/ https:\/\/www.greenclimate.fund\/ https:\/\/www.adaptation-fund.org\/ https:\/\/www.afdb.org\/ https:\/\/www.worldbank.org\/en\/home https:\/\/www.climatebonds.net\/ https:\/\/www.unepfi.org\/ https:\/\/gggi.org\/ https:\/\/www.fsb-tcfd.org\/ https:\/\/cnscl.sn\/ Documents Document financements Durables S\u00e9n\u00e9gal Loi \u00ab\u00a0Local Content\u00a0\u00bb S\u00e9n\u00e9gal Document Strat\u00e9gique Djoliba \u00ab\u00a0BOAD\u00a0\u00bb D\u00e9veloppement Vert &#038; Intelligent EIB","og_url":"https:\/\/3si-green.com\/en\/docutheque\/","og_site_name":"3S INGENIERIE","article_modified_time":"2024-09-25T11:43:34+00:00","twitter_card":"summary_large_image","twitter_site":"@3sigreen","schema":{"@context":"https:\/\/schema.org","@graph":[{"@type":"WebPage","@id":"https:\/\/3si-green.com\/docutheque\/","url":"https:\/\/3si-green.com\/docutheque\/","name":"Docuth\u00e8que - 3S INGENIERIE","isPartOf":{"@id":"https:\/\/3si-green.com\/#website"},"datePublished":"2024-09-25T11:39:09+00:00","dateModified":"2024-09-25T11:43:34+00:00","breadcrumb":{"@id":"https:\/\/3si-green.com\/docutheque\/#breadcrumb"},"inLanguage":"en-US","potentialAction":[{"@type":"ReadAction","target":["https:\/\/3si-green.com\/docutheque\/"]}]},{"@type":"BreadcrumbList","@id":"https:\/\/3si-green.com\/docutheque\/#breadcrumb","itemListElement":[{"@type":"ListItem","position":1,"name":"Accueil","item":"https:\/\/3si-green.com\/"},{"@type":"ListItem","position":2,"name":"Docuth\u00e8que"}]},{"@type":"WebSite","@id":"https:\/\/3si-green.com\/#website","url":"https:\/\/3si-green.com\/","name":"3S INGENIERIE","description":"Cabinet d&#039;Ing\u00e9nierie &amp; de D\u00e9veloppement","publisher":{"@id":"https:\/\/3si-green.com\/#organization"},"potentialAction":[{"@type":"SearchAction","target":{"@type":"EntryPoint","urlTemplate":"https:\/\/3si-green.com\/?s={search_term_string}"},"query-input":{"@type":"PropertyValueSpecification","valueRequired":true,"valueName":"search_term_string"}}],"inLanguage":"en-US"},{"@type":"Organization","@id":"https:\/\/3si-green.com\/#organization","name":"3S INGENIERIE","url":"https:\/\/3si-green.com\/","logo":{"@type":"ImageObject","inLanguage":"en-US","@id":"https:\/\/3si-green.com\/#\/schema\/logo\/image\/","url":"https:\/\/3si-green.com\/wp-content\/uploads\/2024\/08\/LOGO_EXPORT-1-e1724051297899.png","contentUrl":"https:\/\/3si-green.com\/wp-content\/uploads\/2024\/08\/LOGO_EXPORT-1-e1724051297899.png","width":2762,"height":2758,"caption":"3S INGENIERIE"},"image":{"@id":"https:\/\/3si-green.com\/#\/schema\/logo\/image\/"},"sameAs":["https:\/\/x.com\/3sigreen"]}]}},"_links":{"self":[{"href":"https:\/\/3si-green.com\/en\/wp-json\/wp\/v2\/pages\/8180","targetHints":{"allow":["GET"]}}],"collection":[{"href":"https:\/\/3si-green.com\/en\/wp-json\/wp\/v2\/pages"}],"about":[{"href":"https:\/\/3si-green.com\/en\/wp-json\/wp\/v2\/types\/page"}],"author":[{"embeddable":true,"href":"https:\/\/3si-green.com\/en\/wp-json\/wp\/v2\/users\/1"}],"replies":[{"embeddable":true,"href":"https:\/\/3si-green.com\/en\/wp-json\/wp\/v2\/comments?post=8180"}],"version-history":[{"count":16,"href":"https:\/\/3si-green.com\/en\/wp-json\/wp\/v2\/pages\/8180\/revisions"}],"predecessor-version":[{"id":8200,"href":"https:\/\/3si-green.com\/en\/wp-json\/wp\/v2\/pages\/8180\/revisions\/8200"}],"wp:attachment":[{"href":"https:\/\/3si-green.com\/en\/wp-json\/wp\/v2\/media?parent=8180"}],"curies":[{"name":"wp","href":"https:\/\/api.w.org\/{rel}","templated":true}]}}