{"id":7727,"date":"2024-08-25T18:13:39","date_gmt":"2024-08-25T16:13:39","guid":{"rendered":"https:\/\/3si-green.com\/?page_id=7727"},"modified":"2025-01-05T23:56:48","modified_gmt":"2025-01-05T22:56:48","slug":"les-formations","status":"publish","type":"page","link":"https:\/\/3si-green.com\/en\/les-formations\/","title":{"rendered":"Les Formations"},"content":{"rendered":"<div data-elementor-type=\"wp-page\" data-elementor-id=\"7727\" class=\"elementor elementor-7727\">\n\t\t\t\t<div class=\"elementor-element elementor-element-184e082 e-flex e-con-boxed e-con e-parent\" data-id=\"184e082\" data-element_type=\"container\">\n\t\t\t\t\t<div class=\"e-con-inner\">\n\t\t\t\t<div class=\"elementor-element elementor-element-7e4f651 elementor-widget elementor-widget-vc_custom_heading\" data-id=\"7e4f651\" data-element_type=\"widget\" data-widget_type=\"vc_custom_heading.default\">\n\t\t\t\t<div class=\"elementor-widget-container\">\n\t\t\t\t\t<div class=\"vc_custom_heading  consulting_heading_font  text_align_center\" ><h3 style=\"text-align: center\" class=\"consulting-custom-title\">Le catalogue\n<\/h3><\/div>\t\t\t\t<\/div>\n\t\t\t\t<\/div>\n\t\t\t\t\t<\/div>\n\t\t\t\t<\/div>\n\t\t<div class=\"elementor-element elementor-element-cb26968 e-flex e-con-boxed e-con e-parent\" data-id=\"cb26968\" data-element_type=\"container\">\n\t\t\t\t\t<div class=\"e-con-inner\">\n\t\t\t\t<div class=\"elementor-element elementor-element-ffd7a17 elementor-widget elementor-widget-text-editor\" data-id=\"ffd7a17\" data-element_type=\"widget\" data-widget_type=\"text-editor.default\">\n\t\t\t\t<div class=\"elementor-widget-container\">\n\t\t\t\t\t\t\t\t\t<p>La \u201cSoci\u00e9t\u00e9 3SI\u201d<strong> a d\u00e9velopp\u00e9 un riche catalogue de formations s&rsquo;appuyant sur les expertises pluridisciplinaires des membres associ\u00e9s et, par extension, celles du pool de partenaires strat\u00e9giques.<\/strong><\/p>\n\t\t\t\t\t\t\t\t<\/div>\n\t\t\t\t<\/div>\n\t\t\t\t\t<\/div>\n\t\t\t\t<\/div>\n\t\t<div class=\"elementor-element elementor-element-b3c3c5a e-flex e-con-boxed e-con e-parent\" data-id=\"b3c3c5a\" data-element_type=\"container\">\n\t\t\t\t\t<div class=\"e-con-inner\">\n\t\t\t\t<div class=\"elementor-element elementor-element-29fc0f4 elementor-widget elementor-widget-spacer\" data-id=\"29fc0f4\" data-element_type=\"widget\" data-widget_type=\"spacer.default\">\n\t\t\t\t<div class=\"elementor-widget-container\">\n\t\t\t\t\t\t\t<div class=\"elementor-spacer\">\n\t\t\t<div class=\"elementor-spacer-inner\"><\/div>\n\t\t<\/div>\n\t\t\t\t\t\t<\/div>\n\t\t\t\t<\/div>\n\t\t\t\t\t<\/div>\n\t\t\t\t<\/div>\n\t\t<div class=\"elementor-element elementor-element-7cd78638 e-flex e-con-boxed e-con e-parent\" data-id=\"7cd78638\" data-element_type=\"container\">\n\t\t\t\t\t<div class=\"e-con-inner\">\n\t\t\t\t<div class=\"elementor-element elementor-element-525b3dc7 elementor-widget elementor-widget-stm_services\" data-id=\"525b3dc7\" data-element_type=\"widget\" data-widget_type=\"stm_services.default\">\n\t\t\t\t<div class=\"elementor-widget-container\">\n\t\t\t\t\t\n    <div class=\"stm_services consulting_elementor_services style_6 cols_3\">\n                                <div class=\"item\">\n                <div class=\"item_wr\">\n                                            \n                        <div class=\"item_thumbnail\">\n                            <a href=\"https:\/\/3si-green.com\/en\/service\/finance-verte\/\">\n                                <img src='https:\/\/3si-green.com\/wp-content\/uploads\/2024\/08\/WEB-3-255x182.jpg' alt='' \/>                            <\/a>\n                                                    <\/div>\n                                                            <div class=\"content\" >\n                                                                            <h5>\n                                <a href=\"https:\/\/3si-green.com\/en\/service\/finance-verte\/\"\n                                                                       class=\"text_decoration_none secondary_font_color_hv\">Gouvernance Climatique et Environnementale (GCE)<\/a>\n                            <\/h5>\n                                                                            <p>Approfondir les connaissances et comp\u00e9tences en mati\u00e8re de n\u00e9gociations internationales, transition \u00e9cologique, financement vert, et r\u00e9silience climatique pour une gouvernance durable.<\/p>\n                                                                            <a class=\"read_more\"\n                               href=\"https:\/\/3si-green.com\/en\/service\/finance-verte\/\" >\n                                <span>read more<\/span>\n                                <i class=\"fa fa-chevron-right stm_icon\"><\/i>\n                            <\/a>\n                                            <\/div>\n                <\/div>\n            <\/div>\n                                <div class=\"item\">\n                <div class=\"item_wr\">\n                                            \n                        <div class=\"item_thumbnail\">\n                            <a href=\"https:\/\/3si-green.com\/en\/service\/management-strategique-geopolitique-des-ressources-naturelles-msgrn\/\">\n                                <img src='https:\/\/3si-green.com\/wp-content\/uploads\/2024\/08\/SLIDER_2-255x182.jpg' alt='' \/>                            <\/a>\n                                                    <\/div>\n                                                            <div class=\"content\" >\n                                                                            <h5>\n                                <a href=\"https:\/\/3si-green.com\/en\/service\/management-strategique-geopolitique-des-ressources-naturelles-msgrn\/\"\n                                                                       class=\"text_decoration_none secondary_font_color_hv\">Management Strat\u00e9gique &#038; G\u00e9opolitique des Ressources Naturelles (MSGRN)<\/a>\n                            <\/h5>\n                                                                            <p>D\u00e9velopper des strat\u00e9gies et cadres pour une exploitation durable et \u00e9quitable des ressources naturelles, incluant mines, p\u00e9trole et gaz.<\/p>\n                                                                            <a class=\"read_more\"\n                               href=\"https:\/\/3si-green.com\/en\/service\/management-strategique-geopolitique-des-ressources-naturelles-msgrn\/\" >\n                                <span>read more<\/span>\n                                <i class=\"fa fa-chevron-right stm_icon\"><\/i>\n                            <\/a>\n                                            <\/div>\n                <\/div>\n            <\/div>\n                                <div class=\"item\">\n                <div class=\"item_wr\">\n                                            \n                        <div class=\"item_thumbnail\">\n                            <a href=\"https:\/\/3si-green.com\/en\/service\/souverainete-alimentaire\/\">\n                                <img src='https:\/\/3si-green.com\/wp-content\/uploads\/2024\/08\/12-255x182.jpg' alt='' \/>                            <\/a>\n                                                    <\/div>\n                                                            <div class=\"content\" >\n                                                                            <h5>\n                                <a href=\"https:\/\/3si-green.com\/en\/service\/souverainete-alimentaire\/\"\n                                                                       class=\"text_decoration_none secondary_font_color_hv\">Souverainet\u00e9 Alimentaire &#038; Nutritionnelle &#038; Equit\u00e9 Sociale (SANES)<\/a>\n                            <\/h5>\n                                                                            <p>Promouvoir des solutions innovantes et durables pour renforcer la s\u00e9curit\u00e9 alimentaire, l&rsquo;agriculture intelligente, et l&rsquo;\u00e9quit\u00e9 sociale.<\/p>\n                                                                            <a class=\"read_more\"\n                               href=\"https:\/\/3si-green.com\/en\/service\/souverainete-alimentaire\/\" >\n                                <span>read more<\/span>\n                                <i class=\"fa fa-chevron-right stm_icon\"><\/i>\n                            <\/a>\n                                            <\/div>\n                <\/div>\n            <\/div>\n                                <div class=\"item\">\n                <div class=\"item_wr\">\n                                            \n                        <div class=\"item_thumbnail\">\n                            <a href=\"https:\/\/3si-green.com\/en\/service\/gouvernance-economique\/\">\n                                <img src='https:\/\/3si-green.com\/wp-content\/uploads\/2024\/08\/Design-sans-titre-20-255x182.jpg' alt='' \/>                            <\/a>\n                                                    <\/div>\n                                                            <div class=\"content\" >\n                                                                            <h5>\n                                <a href=\"https:\/\/3si-green.com\/en\/service\/gouvernance-economique\/\"\n                                                                       class=\"text_decoration_none secondary_font_color_hv\">Gouvernance Institutionnelle &#038; Economique (GIE)<\/a>\n                            <\/h5>\n                                                                            <p>Renforcer les capacit\u00e9s institutionnelles par des r\u00e9formes, leadership strat\u00e9gique, transformation digitale et gestion de crise.<\/p>\n                                                                            <a class=\"read_more\"\n                               href=\"https:\/\/3si-green.com\/en\/service\/gouvernance-economique\/\" >\n                                <span>read more<\/span>\n                                <i class=\"fa fa-chevron-right stm_icon\"><\/i>\n                            <\/a>\n                                            <\/div>\n                <\/div>\n            <\/div>\n                                <div class=\"item\">\n                <div class=\"item_wr\">\n                                            \n                        <div class=\"item_thumbnail\">\n                            <a href=\"https:\/\/3si-green.com\/en\/service\/etudes-appui-conseil-formation\/\">\n                                <img src='https:\/\/3si-green.com\/wp-content\/uploads\/2024\/08\/10-255x182.jpg' alt='' \/>                            <\/a>\n                                                    <\/div>\n                                                            <div class=\"content\" >\n                                                                            <h5>\n                                <a href=\"https:\/\/3si-green.com\/en\/service\/etudes-appui-conseil-formation\/\"\n                                                                       class=\"text_decoration_none secondary_font_color_hv\">Etudes, Appui-conseil &#038; Formation<\/a>\n                            <\/h5>\n                                                                            <p>Proposer des m\u00e9thodologies, outils, et innovations pour optimiser les \u00e9tudes strat\u00e9giques, formations, et missions de conseil.<\/p>\n                                                                            <a class=\"read_more\"\n                               href=\"https:\/\/3si-green.com\/en\/service\/etudes-appui-conseil-formation\/\" >\n                                <span>read more<\/span>\n                                <i class=\"fa fa-chevron-right stm_icon\"><\/i>\n                            <\/a>\n                                            <\/div>\n                <\/div>\n            <\/div>\n                                <div class=\"item\">\n                <div class=\"item_wr\">\n                                            \n                        <div class=\"item_thumbnail\">\n                            <a href=\"https:\/\/3si-green.com\/en\/service\/dialogues-de-haut-niveau-des-decideurs\/\">\n                                <img src='https:\/\/3si-green.com\/wp-content\/uploads\/2024\/08\/Design-sans-titre-19-255x182.jpg' alt='' \/>                            <\/a>\n                                                    <\/div>\n                                                            <div class=\"content\" >\n                                                                            <h5>\n                                <a href=\"https:\/\/3si-green.com\/en\/service\/dialogues-de-haut-niveau-des-decideurs\/\"\n                                                                       class=\"text_decoration_none secondary_font_color_hv\">Dialogues de Haut Niveau des D\u00e9cideurs (DHND)<\/a>\n                            <\/h5>\n                                                                            <p>Organiser des forums strat\u00e9giques pour aborder les d\u00e9fis cl\u00e9s de l&rsquo;Afrique en mati\u00e8re de gouvernance climatique, souverainet\u00e9 alimentaire et financement structur\u00e9.<\/p>\n                                                                            <a class=\"read_more\"\n                               href=\"https:\/\/3si-green.com\/en\/service\/dialogues-de-haut-niveau-des-decideurs\/\" >\n                                <span>read more<\/span>\n                                <i class=\"fa fa-chevron-right stm_icon\"><\/i>\n                            <\/a>\n                                            <\/div>\n                <\/div>\n            <\/div>\n            <\/div>\n\t\t\t\t<\/div>\n\t\t\t\t<\/div>\n\t\t\t\t\t<\/div>\n\t\t\t\t<\/div>\n\t\t\t\t<\/div>","protected":false},"excerpt":{"rendered":"<p>Le catalogue La \u201cSoci\u00e9t\u00e9 3SI\u201d a d\u00e9velopp\u00e9 un riche catalogue de formations s&rsquo;appuyant sur les expertises pluridisciplinaires des membres associ\u00e9s et, par extension, celles du pool de partenaires strat\u00e9giques. Management Strat\u00e9gique &#038; G\u00e9opolitique des Ressources Naturelles (MSGRN) D\u00e9velopper des strat\u00e9gies et cadres pour une exploitation durable et \u00e9quitable des ressources naturelles, incluant mines, p\u00e9trole et<\/p>","protected":false},"author":1,"featured_media":0,"parent":0,"menu_order":0,"comment_status":"closed","ping_status":"closed","template":"","meta":{"footnotes":""},"class_list":["post-7727","page","type-page","status-publish","hentry"],"yoast_head":"<!-- This site is optimized with the Yoast SEO plugin v23.7 - https:\/\/yoast.com\/wordpress\/plugins\/seo\/ -->\n<title>Les Formations - 3S INGENIERIE<\/title>\n<meta name=\"robots\" content=\"index, follow, max-snippet:-1, max-image-preview:large, max-video-preview:-1\" \/>\n<link rel=\"canonical\" href=\"https:\/\/3si-green.com\/en\/les-formations\/\" \/>\n<meta property=\"og:locale\" content=\"en_US\" \/>\n<meta property=\"og:type\" content=\"article\" \/>\n<meta property=\"og:title\" content=\"Les Formations - 3S INGENIERIE\" \/>\n<meta property=\"og:description\" content=\"Le catalogue La \u201cSoci\u00e9t\u00e9 3SI\u201d a d\u00e9velopp\u00e9 un riche catalogue de formations s&rsquo;appuyant sur les expertises pluridisciplinaires des membres associ\u00e9s et, par extension, celles du pool de partenaires strat\u00e9giques. Management Strat\u00e9gique &#038; G\u00e9opolitique des Ressources Naturelles (MSGRN) D\u00e9velopper des strat\u00e9gies et cadres pour une exploitation durable et \u00e9quitable des ressources naturelles, incluant mines, p\u00e9trole et\" \/>\n<meta property=\"og:url\" content=\"https:\/\/3si-green.com\/en\/les-formations\/\" \/>\n<meta property=\"og:site_name\" content=\"3S INGENIERIE\" \/>\n<meta property=\"article:modified_time\" content=\"2025-01-05T22:56:48+00:00\" \/>\n<meta property=\"og:image\" content=\"https:\/\/3si-green.com\/wp-content\/uploads\/2024\/08\/SLIDER_2-255x182.jpg\" \/>\n<meta name=\"twitter:card\" content=\"summary_large_image\" \/>\n<meta name=\"twitter:site\" content=\"@3sigreen\" \/>\n<meta name=\"twitter:label1\" content=\"Est. reading time\" \/>\n\t<meta name=\"twitter:data1\" content=\"3 minutes\" \/>\n<script type=\"application\/ld+json\" class=\"yoast-schema-graph\">{\"@context\":\"https:\/\/schema.org\",\"@graph\":[{\"@type\":\"WebPage\",\"@id\":\"https:\/\/3si-green.com\/les-formations\/\",\"url\":\"https:\/\/3si-green.com\/les-formations\/\",\"name\":\"Les Formations - 3S INGENIERIE\",\"isPartOf\":{\"@id\":\"https:\/\/3si-green.com\/#website\"},\"primaryImageOfPage\":{\"@id\":\"https:\/\/3si-green.com\/les-formations\/#primaryimage\"},\"image\":{\"@id\":\"https:\/\/3si-green.com\/les-formations\/#primaryimage\"},\"thumbnailUrl\":\"https:\/\/3si-green.com\/wp-content\/uploads\/2024\/08\/SLIDER_2-255x182.jpg\",\"datePublished\":\"2024-08-25T16:13:39+00:00\",\"dateModified\":\"2025-01-05T22:56:48+00:00\",\"breadcrumb\":{\"@id\":\"https:\/\/3si-green.com\/les-formations\/#breadcrumb\"},\"inLanguage\":\"en-US\",\"potentialAction\":[{\"@type\":\"ReadAction\",\"target\":[\"https:\/\/3si-green.com\/les-formations\/\"]}]},{\"@type\":\"ImageObject\",\"inLanguage\":\"en-US\",\"@id\":\"https:\/\/3si-green.com\/les-formations\/#primaryimage\",\"url\":\"https:\/\/3si-green.com\/wp-content\/uploads\/2024\/08\/SLIDER_2-255x182.jpg\",\"contentUrl\":\"https:\/\/3si-green.com\/wp-content\/uploads\/2024\/08\/SLIDER_2-255x182.jpg\"},{\"@type\":\"BreadcrumbList\",\"@id\":\"https:\/\/3si-green.com\/les-formations\/#breadcrumb\",\"itemListElement\":[{\"@type\":\"ListItem\",\"position\":1,\"name\":\"Accueil\",\"item\":\"https:\/\/3si-green.com\/\"},{\"@type\":\"ListItem\",\"position\":2,\"name\":\"Les Formations\"}]},{\"@type\":\"WebSite\",\"@id\":\"https:\/\/3si-green.com\/#website\",\"url\":\"https:\/\/3si-green.com\/\",\"name\":\"3S INGENIERIE\",\"description\":\"Cabinet d&#039;Ing\u00e9nierie &amp; de D\u00e9veloppement\",\"publisher\":{\"@id\":\"https:\/\/3si-green.com\/#organization\"},\"potentialAction\":[{\"@type\":\"SearchAction\",\"target\":{\"@type\":\"EntryPoint\",\"urlTemplate\":\"https:\/\/3si-green.com\/?s={search_term_string}\"},\"query-input\":{\"@type\":\"PropertyValueSpecification\",\"valueRequired\":true,\"valueName\":\"search_term_string\"}}],\"inLanguage\":\"en-US\"},{\"@type\":\"Organization\",\"@id\":\"https:\/\/3si-green.com\/#organization\",\"name\":\"3S INGENIERIE\",\"url\":\"https:\/\/3si-green.com\/\",\"logo\":{\"@type\":\"ImageObject\",\"inLanguage\":\"en-US\",\"@id\":\"https:\/\/3si-green.com\/#\/schema\/logo\/image\/\",\"url\":\"https:\/\/3si-green.com\/wp-content\/uploads\/2024\/08\/LOGO_EXPORT-1-e1724051297899.png\",\"contentUrl\":\"https:\/\/3si-green.com\/wp-content\/uploads\/2024\/08\/LOGO_EXPORT-1-e1724051297899.png\",\"width\":2762,\"height\":2758,\"caption\":\"3S INGENIERIE\"},\"image\":{\"@id\":\"https:\/\/3si-green.com\/#\/schema\/logo\/image\/\"},\"sameAs\":[\"https:\/\/x.com\/3sigreen\"]}]}<\/script>\n<!-- \/ Yoast SEO plugin. -->","yoast_head_json":{"title":"Les Formations - 3S INGENIERIE","robots":{"index":"index","follow":"follow","max-snippet":"max-snippet:-1","max-image-preview":"max-image-preview:large","max-video-preview":"max-video-preview:-1"},"canonical":"https:\/\/3si-green.com\/en\/les-formations\/","og_locale":"en_US","og_type":"article","og_title":"Les Formations - 3S INGENIERIE","og_description":"Le catalogue La \u201cSoci\u00e9t\u00e9 3SI\u201d a d\u00e9velopp\u00e9 un riche catalogue de formations s&rsquo;appuyant sur les expertises pluridisciplinaires des membres associ\u00e9s et, par extension, celles du pool de partenaires strat\u00e9giques. Management Strat\u00e9gique &#038; G\u00e9opolitique des Ressources Naturelles (MSGRN) D\u00e9velopper des strat\u00e9gies et cadres pour une exploitation durable et \u00e9quitable des ressources naturelles, incluant mines, p\u00e9trole et","og_url":"https:\/\/3si-green.com\/en\/les-formations\/","og_site_name":"3S INGENIERIE","article_modified_time":"2025-01-05T22:56:48+00:00","og_image":[{"url":"https:\/\/3si-green.com\/wp-content\/uploads\/2024\/08\/SLIDER_2-255x182.jpg"}],"twitter_card":"summary_large_image","twitter_site":"@3sigreen","twitter_misc":{"Est. reading time":"3 minutes"},"schema":{"@context":"https:\/\/schema.org","@graph":[{"@type":"WebPage","@id":"https:\/\/3si-green.com\/les-formations\/","url":"https:\/\/3si-green.com\/les-formations\/","name":"Les Formations - 3S INGENIERIE","isPartOf":{"@id":"https:\/\/3si-green.com\/#website"},"primaryImageOfPage":{"@id":"https:\/\/3si-green.com\/les-formations\/#primaryimage"},"image":{"@id":"https:\/\/3si-green.com\/les-formations\/#primaryimage"},"thumbnailUrl":"https:\/\/3si-green.com\/wp-content\/uploads\/2024\/08\/SLIDER_2-255x182.jpg","datePublished":"2024-08-25T16:13:39+00:00","dateModified":"2025-01-05T22:56:48+00:00","breadcrumb":{"@id":"https:\/\/3si-green.com\/les-formations\/#breadcrumb"},"inLanguage":"en-US","potentialAction":[{"@type":"ReadAction","target":["https:\/\/3si-green.com\/les-formations\/"]}]},{"@type":"ImageObject","inLanguage":"en-US","@id":"https:\/\/3si-green.com\/les-formations\/#primaryimage","url":"https:\/\/3si-green.com\/wp-content\/uploads\/2024\/08\/SLIDER_2-255x182.jpg","contentUrl":"https:\/\/3si-green.com\/wp-content\/uploads\/2024\/08\/SLIDER_2-255x182.jpg"},{"@type":"BreadcrumbList","@id":"https:\/\/3si-green.com\/les-formations\/#breadcrumb","itemListElement":[{"@type":"ListItem","position":1,"name":"Accueil","item":"https:\/\/3si-green.com\/"},{"@type":"ListItem","position":2,"name":"Les Formations"}]},{"@type":"WebSite","@id":"https:\/\/3si-green.com\/#website","url":"https:\/\/3si-green.com\/","name":"3S INGENIERIE","description":"Cabinet d&#039;Ing\u00e9nierie &amp; de D\u00e9veloppement","publisher":{"@id":"https:\/\/3si-green.com\/#organization"},"potentialAction":[{"@type":"SearchAction","target":{"@type":"EntryPoint","urlTemplate":"https:\/\/3si-green.com\/?s={search_term_string}"},"query-input":{"@type":"PropertyValueSpecification","valueRequired":true,"valueName":"search_term_string"}}],"inLanguage":"en-US"},{"@type":"Organization","@id":"https:\/\/3si-green.com\/#organization","name":"3S INGENIERIE","url":"https:\/\/3si-green.com\/","logo":{"@type":"ImageObject","inLanguage":"en-US","@id":"https:\/\/3si-green.com\/#\/schema\/logo\/image\/","url":"https:\/\/3si-green.com\/wp-content\/uploads\/2024\/08\/LOGO_EXPORT-1-e1724051297899.png","contentUrl":"https:\/\/3si-green.com\/wp-content\/uploads\/2024\/08\/LOGO_EXPORT-1-e1724051297899.png","width":2762,"height":2758,"caption":"3S INGENIERIE"},"image":{"@id":"https:\/\/3si-green.com\/#\/schema\/logo\/image\/"},"sameAs":["https:\/\/x.com\/3sigreen"]}]}},"_links":{"self":[{"href":"https:\/\/3si-green.com\/en\/wp-json\/wp\/v2\/pages\/7727","targetHints":{"allow":["GET"]}}],"collection":[{"href":"https:\/\/3si-green.com\/en\/wp-json\/wp\/v2\/pages"}],"about":[{"href":"https:\/\/3si-green.com\/en\/wp-json\/wp\/v2\/types\/page"}],"author":[{"embeddable":true,"href":"https:\/\/3si-green.com\/en\/wp-json\/wp\/v2\/users\/1"}],"replies":[{"embeddable":true,"href":"https:\/\/3si-green.com\/en\/wp-json\/wp\/v2\/comments?post=7727"}],"version-history":[{"count":7,"href":"https:\/\/3si-green.com\/en\/wp-json\/wp\/v2\/pages\/7727\/revisions"}],"predecessor-version":[{"id":8383,"href":"https:\/\/3si-green.com\/en\/wp-json\/wp\/v2\/pages\/7727\/revisions\/8383"}],"wp:attachment":[{"href":"https:\/\/3si-green.com\/en\/wp-json\/wp\/v2\/media?parent=7727"}],"curies":[{"name":"wp","href":"https:\/\/api.w.org\/{rel}","templated":true}]}}