{"id":7588,"date":"2024-08-24T14:47:17","date_gmt":"2024-08-24T12:47:17","guid":{"rendered":"https:\/\/3si-green.com\/?page_id=7588"},"modified":"2024-10-29T13:23:04","modified_gmt":"2024-10-29T12:23:04","slug":"poles-de-services","status":"publish","type":"page","link":"https:\/\/3si-green.com\/en\/poles-de-services\/","title":{"rendered":"P\u00f4les de services"},"content":{"rendered":"<div data-elementor-type=\"wp-page\" data-elementor-id=\"7588\" class=\"elementor elementor-7588\">\n\t\t\t\t<div class=\"elementor-element elementor-element-184e082 e-flex e-con-boxed e-con e-parent\" data-id=\"184e082\" data-element_type=\"container\">\n\t\t\t\t\t<div class=\"e-con-inner\">\n\t\t\t\t<div class=\"elementor-element elementor-element-7e4f651 elementor-widget elementor-widget-vc_custom_heading\" data-id=\"7e4f651\" data-element_type=\"widget\" data-widget_type=\"vc_custom_heading.default\">\n\t\t\t\t<div class=\"elementor-widget-container\">\n\t\t\t\t\t<div class=\"vc_custom_heading  consulting_heading_font  text_align_center\" ><h3 style=\"text-align: center\" class=\"consulting-custom-title\">P\u00f4les de Services\n<\/h3><\/div>\t\t\t\t<\/div>\n\t\t\t\t<\/div>\n\t\t\t\t\t<\/div>\n\t\t\t\t<\/div>\n\t\t<div class=\"elementor-element elementor-element-cb26968 e-flex e-con-boxed e-con e-parent\" data-id=\"cb26968\" data-element_type=\"container\">\n\t\t\t\t\t<div class=\"e-con-inner\">\n\t\t\t\t<div class=\"elementor-element elementor-element-ffd7a17 elementor-widget elementor-widget-text-editor\" data-id=\"ffd7a17\" data-element_type=\"widget\" data-widget_type=\"text-editor.default\">\n\t\t\t\t<div class=\"elementor-widget-container\">\n\t\t\t\t\t\t\t\t\t<p><strong>La \u201cSoci\u00e9t\u00e9 3SI\u201d<\/strong> intervient sur plusieurs activit\u00e9s labellis\u00e9es \u2018\u2018Ing\u00e9nierie verte\u2019\u2019, d\u2019Etudes, de Conseil, d\u2019Assistance, de Recherche et de d\u00e9veloppement de projets majeurs int\u00e9grateurs, soucieuses de l\u2019empreinte \u00e9cologique et de la r\u00e9silience climatique. Les activit\u00e9s sont organis\u00e9es en p\u00f4les de service.<\/p>\n\t\t\t\t\t\t\t\t<\/div>\n\t\t\t\t<\/div>\n\t\t\t\t\t<\/div>\n\t\t\t\t<\/div>\n\t\t<div class=\"elementor-element elementor-element-b3c3c5a e-flex e-con-boxed e-con e-parent\" data-id=\"b3c3c5a\" data-element_type=\"container\">\n\t\t\t\t\t<div class=\"e-con-inner\">\n\t\t\t\t<div class=\"elementor-element elementor-element-29fc0f4 elementor-widget elementor-widget-spacer\" data-id=\"29fc0f4\" data-element_type=\"widget\" data-widget_type=\"spacer.default\">\n\t\t\t\t<div class=\"elementor-widget-container\">\n\t\t\t\t\t\t\t<div class=\"elementor-spacer\">\n\t\t\t<div class=\"elementor-spacer-inner\"><\/div>\n\t\t<\/div>\n\t\t\t\t\t\t<\/div>\n\t\t\t\t<\/div>\n\t\t\t\t\t<\/div>\n\t\t\t\t<\/div>\n\t\t<div class=\"elementor-element elementor-element-7cd78638 e-flex e-con-boxed e-con e-parent\" data-id=\"7cd78638\" data-element_type=\"container\">\n\t\t\t\t\t<div class=\"e-con-inner\">\n\t\t\t\t<div class=\"elementor-element elementor-element-525b3dc7 elementor-widget elementor-widget-stm_services\" data-id=\"525b3dc7\" data-element_type=\"widget\" data-widget_type=\"stm_services.default\">\n\t\t\t\t<div class=\"elementor-widget-container\">\n\t\t\t\t\t\n    <div class=\"stm_services consulting_elementor_services style_6 cols_2\">\n                                <div class=\"item\">\n                <div class=\"item_wr\">\n                                            \n                        <div class=\"item_thumbnail\">\n                            <a href=\"https:\/\/3si-green.com\/en\/service\/financial-services\/\">\n                                <img src='https:\/\/3si-green.com\/wp-content\/uploads\/2024\/08\/WEB-3-255x182.jpg' alt='' \/>                            <\/a>\n                                                    <\/div>\n                                                            <div class=\"content\" >\n                                                                            <h5>\n                                <a href=\"https:\/\/3si-green.com\/en\/service\/financial-services\/\"\n                                                                       class=\"text_decoration_none secondary_font_color_hv\">Gouvernance climatique &#038; Environnementale<\/a>\n                            <\/h5>\n                                                                            <p>Gouvernance climatique et environnementale, transition \u00e9nerg\u00e9tique, d\u00e9veloppement durable, Ing\u00e9nierie des finances vertes et \u00e9conomie verte<\/p>\n                                                                            <a class=\"read_more\"\n                               href=\"https:\/\/3si-green.com\/en\/service\/financial-services\/\" >\n                                <span>read more<\/span>\n                                <i class=\"fa fa-chevron-right stm_icon\"><\/i>\n                            <\/a>\n                                            <\/div>\n                <\/div>\n            <\/div>\n                                <div class=\"item\">\n                <div class=\"item_wr\">\n                                            \n                        <div class=\"item_thumbnail\">\n                            <a href=\"https:\/\/3si-green.com\/en\/service\/management-strategique-des-ressources-naturelles\/\">\n                                <img src='https:\/\/3si-green.com\/wp-content\/uploads\/2024\/08\/SLIDER_2-255x182.jpg' alt='' \/>                            <\/a>\n                                                    <\/div>\n                                                            <div class=\"content\" >\n                                                                            <h5>\n                                <a href=\"https:\/\/3si-green.com\/en\/service\/management-strategique-des-ressources-naturelles\/\"\n                                                                       class=\"text_decoration_none secondary_font_color_hv\">Management &#038; G\u00e9opolitique des Ressources Naturelles<\/a>\n                            <\/h5>\n                                                                            <p>Management strat\u00e9gique et G\u00e9opolitique des Ressources Naturelles (RN)<\/p>\n                                                                            <a class=\"read_more\"\n                               href=\"https:\/\/3si-green.com\/en\/service\/management-strategique-des-ressources-naturelles\/\" >\n                                <span>read more<\/span>\n                                <i class=\"fa fa-chevron-right stm_icon\"><\/i>\n                            <\/a>\n                                            <\/div>\n                <\/div>\n            <\/div>\n            <\/div>\n\t\t\t\t<\/div>\n\t\t\t\t<\/div>\n\t\t\t\t\t<\/div>\n\t\t\t\t<\/div>\n\t\t<div class=\"elementor-element elementor-element-9376c04 e-flex e-con-boxed e-con e-parent\" data-id=\"9376c04\" data-element_type=\"container\">\n\t\t\t\t\t<div class=\"e-con-inner\">\n\t\t\t\t<div class=\"elementor-element elementor-element-7d5ceb4 elementor-widget elementor-widget-stm_services\" data-id=\"7d5ceb4\" data-element_type=\"widget\" data-widget_type=\"stm_services.default\">\n\t\t\t\t<div class=\"elementor-widget-container\">\n\t\t\t\t\t\n    <div class=\"stm_services consulting_elementor_services style_6 cols_2\">\n                                <div class=\"item\">\n                <div class=\"item_wr\">\n                                            \n                        <div class=\"item_thumbnail\">\n                            <a href=\"https:\/\/3si-green.com\/en\/service\/enjeux-de-souverainete-alimentaire\/\">\n                                <img src='https:\/\/3si-green.com\/wp-content\/uploads\/2016\/01\/WEB-2-255x182.png' alt='' \/>                            <\/a>\n                                                    <\/div>\n                                                            <div class=\"content\" >\n                                                                            <h5>\n                                <a href=\"https:\/\/3si-green.com\/en\/service\/enjeux-de-souverainete-alimentaire\/\"\n                                                                       class=\"text_decoration_none secondary_font_color_hv\">S\u00e9curit\u00e9 Alimentaire &#038; Nutritionnelle, Equit\u00e9 Sociale<\/a>\n                            <\/h5>\n                                                                            <p>S\u00e9curit\u00e9 et souverainet\u00e9 alimentaire et nutritionnelle et \u00e9quit\u00e9 sociale<\/p>\n                                                                            <a class=\"read_more\"\n                               href=\"https:\/\/3si-green.com\/en\/service\/enjeux-de-souverainete-alimentaire\/\" >\n                                <span>read more<\/span>\n                                <i class=\"fa fa-chevron-right stm_icon\"><\/i>\n                            <\/a>\n                                            <\/div>\n                <\/div>\n            <\/div>\n                                <div class=\"item\">\n                <div class=\"item_wr\">\n                                            \n                        <div class=\"item_thumbnail\">\n                            <a href=\"https:\/\/3si-green.com\/en\/service\/gouvernance-democratique\/\">\n                                <img src='https:\/\/3si-green.com\/wp-content\/uploads\/2024\/08\/WEB-6-255x182.png' alt='' \/>                            <\/a>\n                                                    <\/div>\n                                                            <div class=\"content\" >\n                                                                            <h5>\n                                <a href=\"https:\/\/3si-green.com\/en\/service\/gouvernance-democratique\/\"\n                                                                       class=\"text_decoration_none secondary_font_color_hv\">Gouvernance Institutionnelle et Economique<\/a>\n                            <\/h5>\n                                                                            <p>Gouvernance D\u00e9mocratique, institutionnelle et \u00e9conomique<\/p>\n                                                                            <a class=\"read_more\"\n                               href=\"https:\/\/3si-green.com\/en\/service\/gouvernance-democratique\/\" >\n                                <span>read more<\/span>\n                                <i class=\"fa fa-chevron-right stm_icon\"><\/i>\n                            <\/a>\n                                            <\/div>\n                <\/div>\n            <\/div>\n            <\/div>\n\t\t\t\t<\/div>\n\t\t\t\t<\/div>\n\t\t\t\t\t<\/div>\n\t\t\t\t<\/div>\n\t\t<div class=\"elementor-element elementor-element-d67a97a e-flex e-con-boxed e-con e-parent\" data-id=\"d67a97a\" data-element_type=\"container\">\n\t\t\t\t\t<div class=\"e-con-inner\">\n\t\t\t\t<div class=\"elementor-element elementor-element-283b48c elementor-widget elementor-widget-stm_services\" data-id=\"283b48c\" data-element_type=\"widget\" data-widget_type=\"stm_services.default\">\n\t\t\t\t<div class=\"elementor-widget-container\">\n\t\t\t\t\t\n    <div class=\"stm_services consulting_elementor_services style_6 cols_1\">\n                                <div class=\"item\">\n                <div class=\"item_wr\">\n                                            \n                        <div class=\"item_thumbnail\">\n                            <a href=\"https:\/\/3si-green.com\/en\/service\/etudes-conseils\/\">\n                                <img src='https:\/\/3si-green.com\/wp-content\/uploads\/2016\/01\/WEB-4-255x182.png' alt='' \/>                            <\/a>\n                                                    <\/div>\n                                                            <div class=\"content\" >\n                                                                            <h5>\n                                <a href=\"https:\/\/3si-green.com\/en\/service\/etudes-conseils\/\"\n                                                                       class=\"text_decoration_none secondary_font_color_hv\">\u00c9tudes Strat\u00e9giques &#038; Formations<\/a>\n                            <\/h5>\n                                                                            <p>Etudes, Conseils, Assistance Technique et Gestion de projets &#038; programmes<\/p>\n                                                                            <a class=\"read_more\"\n                               href=\"https:\/\/3si-green.com\/en\/service\/etudes-conseils\/\" >\n                                <span>read more<\/span>\n                                <i class=\"fa fa-chevron-right stm_icon\"><\/i>\n                            <\/a>\n                                            <\/div>\n                <\/div>\n            <\/div>\n            <\/div>\n\t\t\t\t<\/div>\n\t\t\t\t<\/div>\n\t\t\t\t\t<\/div>\n\t\t\t\t<\/div>\n\t\t\t\t<\/div>","protected":false},"excerpt":{"rendered":"<p>P\u00f4les de Services La \u201cSoci\u00e9t\u00e9 3SI\u201d intervient sur plusieurs activit\u00e9s labellis\u00e9es \u2018\u2018Ing\u00e9nierie verte\u2019\u2019, d\u2019Etudes, de Conseil, d\u2019Assistance, de Recherche et de d\u00e9veloppement de projets majeurs int\u00e9grateurs, soucieuses de l\u2019empreinte \u00e9cologique et de la r\u00e9silience climatique. Les activit\u00e9s sont organis\u00e9es en p\u00f4les de service. Gouvernance climatique Gouvernance climatique et environnementale, transition \u00e9nerg\u00e9tique, d\u00e9veloppement durable, Ing\u00e9nierie des<\/p>","protected":false},"author":1,"featured_media":0,"parent":0,"menu_order":0,"comment_status":"closed","ping_status":"closed","template":"","meta":{"footnotes":""},"class_list":["post-7588","page","type-page","status-publish","hentry"],"yoast_head":"<!-- This site is optimized with the Yoast SEO plugin v23.7 - https:\/\/yoast.com\/wordpress\/plugins\/seo\/ -->\n<title>P\u00f4les de services - 3S INGENIERIE<\/title>\n<meta name=\"robots\" content=\"index, follow, max-snippet:-1, max-image-preview:large, max-video-preview:-1\" \/>\n<link rel=\"canonical\" href=\"https:\/\/3si-green.com\/en\/poles-de-services\/\" \/>\n<meta property=\"og:locale\" content=\"en_US\" \/>\n<meta property=\"og:type\" content=\"article\" \/>\n<meta property=\"og:title\" content=\"P\u00f4les de services - 3S INGENIERIE\" \/>\n<meta property=\"og:description\" content=\"P\u00f4les de Services La \u201cSoci\u00e9t\u00e9 3SI\u201d intervient sur plusieurs activit\u00e9s labellis\u00e9es \u2018\u2018Ing\u00e9nierie verte\u2019\u2019, d\u2019Etudes, de Conseil, d\u2019Assistance, de Recherche et de d\u00e9veloppement de projets majeurs int\u00e9grateurs, soucieuses de l\u2019empreinte \u00e9cologique et de la r\u00e9silience climatique. Les activit\u00e9s sont organis\u00e9es en p\u00f4les de service. Gouvernance climatique Gouvernance climatique et environnementale, transition \u00e9nerg\u00e9tique, d\u00e9veloppement durable, Ing\u00e9nierie des\" \/>\n<meta property=\"og:url\" content=\"https:\/\/3si-green.com\/en\/poles-de-services\/\" \/>\n<meta property=\"og:site_name\" content=\"3S INGENIERIE\" \/>\n<meta property=\"article:modified_time\" content=\"2024-10-29T12:23:04+00:00\" \/>\n<meta property=\"og:image\" content=\"https:\/\/3si-green.com\/wp-content\/uploads\/2024\/08\/WEB-3-255x182.jpg\" \/>\n<meta name=\"twitter:card\" content=\"summary_large_image\" \/>\n<meta name=\"twitter:site\" content=\"@3sigreen\" \/>\n<meta name=\"twitter:label1\" content=\"Est. reading time\" \/>\n\t<meta name=\"twitter:data1\" content=\"1 minute\" \/>\n<script type=\"application\/ld+json\" class=\"yoast-schema-graph\">{\"@context\":\"https:\/\/schema.org\",\"@graph\":[{\"@type\":\"WebPage\",\"@id\":\"https:\/\/3si-green.com\/poles-de-services\/\",\"url\":\"https:\/\/3si-green.com\/poles-de-services\/\",\"name\":\"P\u00f4les de services - 3S INGENIERIE\",\"isPartOf\":{\"@id\":\"https:\/\/3si-green.com\/#website\"},\"primaryImageOfPage\":{\"@id\":\"https:\/\/3si-green.com\/poles-de-services\/#primaryimage\"},\"image\":{\"@id\":\"https:\/\/3si-green.com\/poles-de-services\/#primaryimage\"},\"thumbnailUrl\":\"https:\/\/3si-green.com\/wp-content\/uploads\/2024\/08\/WEB-3-255x182.jpg\",\"datePublished\":\"2024-08-24T12:47:17+00:00\",\"dateModified\":\"2024-10-29T12:23:04+00:00\",\"breadcrumb\":{\"@id\":\"https:\/\/3si-green.com\/poles-de-services\/#breadcrumb\"},\"inLanguage\":\"en-US\",\"potentialAction\":[{\"@type\":\"ReadAction\",\"target\":[\"https:\/\/3si-green.com\/poles-de-services\/\"]}]},{\"@type\":\"ImageObject\",\"inLanguage\":\"en-US\",\"@id\":\"https:\/\/3si-green.com\/poles-de-services\/#primaryimage\",\"url\":\"https:\/\/3si-green.com\/wp-content\/uploads\/2024\/08\/WEB-3-255x182.jpg\",\"contentUrl\":\"https:\/\/3si-green.com\/wp-content\/uploads\/2024\/08\/WEB-3-255x182.jpg\"},{\"@type\":\"BreadcrumbList\",\"@id\":\"https:\/\/3si-green.com\/poles-de-services\/#breadcrumb\",\"itemListElement\":[{\"@type\":\"ListItem\",\"position\":1,\"name\":\"Accueil\",\"item\":\"https:\/\/3si-green.com\/\"},{\"@type\":\"ListItem\",\"position\":2,\"name\":\"P\u00f4les de services\"}]},{\"@type\":\"WebSite\",\"@id\":\"https:\/\/3si-green.com\/#website\",\"url\":\"https:\/\/3si-green.com\/\",\"name\":\"3S INGENIERIE\",\"description\":\"Cabinet d&#039;Ing\u00e9nierie &amp; de D\u00e9veloppement\",\"publisher\":{\"@id\":\"https:\/\/3si-green.com\/#organization\"},\"potentialAction\":[{\"@type\":\"SearchAction\",\"target\":{\"@type\":\"EntryPoint\",\"urlTemplate\":\"https:\/\/3si-green.com\/?s={search_term_string}\"},\"query-input\":{\"@type\":\"PropertyValueSpecification\",\"valueRequired\":true,\"valueName\":\"search_term_string\"}}],\"inLanguage\":\"en-US\"},{\"@type\":\"Organization\",\"@id\":\"https:\/\/3si-green.com\/#organization\",\"name\":\"3S INGENIERIE\",\"url\":\"https:\/\/3si-green.com\/\",\"logo\":{\"@type\":\"ImageObject\",\"inLanguage\":\"en-US\",\"@id\":\"https:\/\/3si-green.com\/#\/schema\/logo\/image\/\",\"url\":\"https:\/\/3si-green.com\/wp-content\/uploads\/2024\/08\/LOGO_EXPORT-1-e1724051297899.png\",\"contentUrl\":\"https:\/\/3si-green.com\/wp-content\/uploads\/2024\/08\/LOGO_EXPORT-1-e1724051297899.png\",\"width\":2762,\"height\":2758,\"caption\":\"3S INGENIERIE\"},\"image\":{\"@id\":\"https:\/\/3si-green.com\/#\/schema\/logo\/image\/\"},\"sameAs\":[\"https:\/\/x.com\/3sigreen\"]}]}<\/script>\n<!-- \/ Yoast SEO plugin. -->","yoast_head_json":{"title":"P\u00f4les de services - 3S INGENIERIE","robots":{"index":"index","follow":"follow","max-snippet":"max-snippet:-1","max-image-preview":"max-image-preview:large","max-video-preview":"max-video-preview:-1"},"canonical":"https:\/\/3si-green.com\/en\/poles-de-services\/","og_locale":"en_US","og_type":"article","og_title":"P\u00f4les de services - 3S INGENIERIE","og_description":"P\u00f4les de Services La \u201cSoci\u00e9t\u00e9 3SI\u201d intervient sur plusieurs activit\u00e9s labellis\u00e9es \u2018\u2018Ing\u00e9nierie verte\u2019\u2019, d\u2019Etudes, de Conseil, d\u2019Assistance, de Recherche et de d\u00e9veloppement de projets majeurs int\u00e9grateurs, soucieuses de l\u2019empreinte \u00e9cologique et de la r\u00e9silience climatique. Les activit\u00e9s sont organis\u00e9es en p\u00f4les de service. Gouvernance climatique Gouvernance climatique et environnementale, transition \u00e9nerg\u00e9tique, d\u00e9veloppement durable, Ing\u00e9nierie des","og_url":"https:\/\/3si-green.com\/en\/poles-de-services\/","og_site_name":"3S INGENIERIE","article_modified_time":"2024-10-29T12:23:04+00:00","og_image":[{"url":"https:\/\/3si-green.com\/wp-content\/uploads\/2024\/08\/WEB-3-255x182.jpg"}],"twitter_card":"summary_large_image","twitter_site":"@3sigreen","twitter_misc":{"Est. reading time":"1 minute"},"schema":{"@context":"https:\/\/schema.org","@graph":[{"@type":"WebPage","@id":"https:\/\/3si-green.com\/poles-de-services\/","url":"https:\/\/3si-green.com\/poles-de-services\/","name":"P\u00f4les de services - 3S INGENIERIE","isPartOf":{"@id":"https:\/\/3si-green.com\/#website"},"primaryImageOfPage":{"@id":"https:\/\/3si-green.com\/poles-de-services\/#primaryimage"},"image":{"@id":"https:\/\/3si-green.com\/poles-de-services\/#primaryimage"},"thumbnailUrl":"https:\/\/3si-green.com\/wp-content\/uploads\/2024\/08\/WEB-3-255x182.jpg","datePublished":"2024-08-24T12:47:17+00:00","dateModified":"2024-10-29T12:23:04+00:00","breadcrumb":{"@id":"https:\/\/3si-green.com\/poles-de-services\/#breadcrumb"},"inLanguage":"en-US","potentialAction":[{"@type":"ReadAction","target":["https:\/\/3si-green.com\/poles-de-services\/"]}]},{"@type":"ImageObject","inLanguage":"en-US","@id":"https:\/\/3si-green.com\/poles-de-services\/#primaryimage","url":"https:\/\/3si-green.com\/wp-content\/uploads\/2024\/08\/WEB-3-255x182.jpg","contentUrl":"https:\/\/3si-green.com\/wp-content\/uploads\/2024\/08\/WEB-3-255x182.jpg"},{"@type":"BreadcrumbList","@id":"https:\/\/3si-green.com\/poles-de-services\/#breadcrumb","itemListElement":[{"@type":"ListItem","position":1,"name":"Accueil","item":"https:\/\/3si-green.com\/"},{"@type":"ListItem","position":2,"name":"P\u00f4les de services"}]},{"@type":"WebSite","@id":"https:\/\/3si-green.com\/#website","url":"https:\/\/3si-green.com\/","name":"3S INGENIERIE","description":"Cabinet d&#039;Ing\u00e9nierie &amp; de D\u00e9veloppement","publisher":{"@id":"https:\/\/3si-green.com\/#organization"},"potentialAction":[{"@type":"SearchAction","target":{"@type":"EntryPoint","urlTemplate":"https:\/\/3si-green.com\/?s={search_term_string}"},"query-input":{"@type":"PropertyValueSpecification","valueRequired":true,"valueName":"search_term_string"}}],"inLanguage":"en-US"},{"@type":"Organization","@id":"https:\/\/3si-green.com\/#organization","name":"3S INGENIERIE","url":"https:\/\/3si-green.com\/","logo":{"@type":"ImageObject","inLanguage":"en-US","@id":"https:\/\/3si-green.com\/#\/schema\/logo\/image\/","url":"https:\/\/3si-green.com\/wp-content\/uploads\/2024\/08\/LOGO_EXPORT-1-e1724051297899.png","contentUrl":"https:\/\/3si-green.com\/wp-content\/uploads\/2024\/08\/LOGO_EXPORT-1-e1724051297899.png","width":2762,"height":2758,"caption":"3S INGENIERIE"},"image":{"@id":"https:\/\/3si-green.com\/#\/schema\/logo\/image\/"},"sameAs":["https:\/\/x.com\/3sigreen"]}]}},"_links":{"self":[{"href":"https:\/\/3si-green.com\/en\/wp-json\/wp\/v2\/pages\/7588","targetHints":{"allow":["GET"]}}],"collection":[{"href":"https:\/\/3si-green.com\/en\/wp-json\/wp\/v2\/pages"}],"about":[{"href":"https:\/\/3si-green.com\/en\/wp-json\/wp\/v2\/types\/page"}],"author":[{"embeddable":true,"href":"https:\/\/3si-green.com\/en\/wp-json\/wp\/v2\/users\/1"}],"replies":[{"embeddable":true,"href":"https:\/\/3si-green.com\/en\/wp-json\/wp\/v2\/comments?post=7588"}],"version-history":[{"count":20,"href":"https:\/\/3si-green.com\/en\/wp-json\/wp\/v2\/pages\/7588\/revisions"}],"predecessor-version":[{"id":8225,"href":"https:\/\/3si-green.com\/en\/wp-json\/wp\/v2\/pages\/7588\/revisions\/8225"}],"wp:attachment":[{"href":"https:\/\/3si-green.com\/en\/wp-json\/wp\/v2\/media?parent=7588"}],"curies":[{"name":"wp","href":"https:\/\/api.w.org\/{rel}","templated":true}]}}