{"id":6285,"date":"2019-11-27T11:20:42","date_gmt":"2019-11-27T11:20:42","guid":{"rendered":"http:\/\/consulting.stylemixthemes.com\/demo\/?page_id=6285"},"modified":"2024-08-19T07:19:49","modified_gmt":"2024-08-19T05:19:49","slug":"news-list","status":"publish","type":"page","link":"https:\/\/3si-green.com\/en\/news-list\/","title":{"rendered":"News list"},"content":{"rendered":"<div data-elementor-type=\"wp-page\" data-elementor-id=\"6285\" class=\"elementor elementor-6285 elementor-bc-flex-widget\">\n\t\t\t\t\t\t<section class=\"elementor-section elementor-top-section elementor-element elementor-element-1a7788f elementor-section-boxed elementor-section-height-default elementor-section-height-default\" data-id=\"1a7788f\" data-element_type=\"section\" data-e-type=\"section\">\n\t\t\t\t\t\t<div class=\"elementor-container elementor-column-gap-default\">\n\t\t\t\t\t<div class=\"elementor-column elementor-col-66 elementor-top-column elementor-element elementor-element-1a77dee\" data-id=\"1a77dee\" data-element_type=\"column\" data-e-type=\"column\">\n\t\t\t<div class=\"elementor-widget-wrap elementor-element-populated\">\n\t\t\t\t\t\t<div class=\"elementor-element elementor-element-1a78300 elementor-widget elementor-widget-stm_news\" data-id=\"1a78300\" data-element_type=\"widget\" data-e-type=\"widget\" data-widget_type=\"stm_news.default\">\n\t\t\t\t<div class=\"elementor-widget-container\">\n\t\t\t\t\t\n\n    <div class=\"stm_news  consulting_elementor_posts\">\n        <ul class=\"news_list posts_per_row_\">\n\n            \n                                <li class=\"view_style_3\">\n                    <div class=\"post_item\">\n                                                    <a href=\"https:\/\/3si-green.com\/en\/2024\/08\/18\/la-question-de-la-revue-des-engagements-dans-laccord-de-paris\/\" class=\"image\">\n                                <img src='https:\/\/3si-green.com\/wp-content\/uploads\/elementor\/thumbs\/cop21-paris-accord-climat-rechauffement-planete-qu620d403yrzs7vlgu1vaicghnmq3rdzfys67mzzc4.jpg' alt='' \/>                            <\/a>\n                                                <div class=\"content\">\n                            <a href=\"https:\/\/3si-green.com\/en\/2024\/08\/18\/la-question-de-la-revue-des-engagements-dans-laccord-de-paris\/\" class=\"title base_font_color\">\n                                <h5 class=\"secondary_font_color_hv\">La question de la revue des engagements de l\u2019Accord de Paris<\/h5>\n                            <\/a>\n                            <div class=\"description\">\n                                <p>La question de la revue des engagements de l\u2019Accord de Paris est plus que jamais au c\u0153ur des discussions internationales. \u00c0 l\u2019heure o\u00f9 les effets du changement climatique se font de plus en plus ressentir, il devient imp\u00e9ratif de r\u00e9\u00e9valuer les contributions d\u00e9termin\u00e9es au niveau national (CDN) pour s\u2019assurer qu\u2019elles sont \u00e0 la hauteur des objectifs fix\u00e9s en 2015.<\/p>\n                            <\/div>\n                            <a href=\"https:\/\/3si-green.com\/en\/2024\/08\/18\/la-question-de-la-revue-des-engagements-dans-laccord-de-paris\/\" class=\"read_more\">\n                                <i class=\"stm-lnr-arrow-right third_bg_color base_bg_color_hv\"><\/i>\n                                <span>\n                                Read more                                <\/span>\n                            <\/a>\n                        <\/div>\n                    <\/div>\n                <\/li>\n\n            \n                                <li class=\"view_style_3\">\n                    <div class=\"post_item\">\n                                                    <a href=\"https:\/\/3si-green.com\/en\/2024\/08\/18\/developpement-agricole-comprendre-le-modele-faci\/\" class=\"image\">\n                                <img src='https:\/\/3si-green.com\/wp-content\/uploads\/elementor\/thumbs\/IM_2-qu620gvcvax52nq4uvodkheav746yjswshe44quen8.jpg' alt='' \/>                            <\/a>\n                                                <div class=\"content\">\n                            <a href=\"https:\/\/3si-green.com\/en\/2024\/08\/18\/developpement-agricole-comprendre-le-modele-faci\/\" class=\"title base_font_color\">\n                                <h5 class=\"secondary_font_color_hv\">D\u00e9veloppement agricole : comprendre le mod\u00e8le FACI<\/h5>\n                            <\/a>\n                            <div class=\"description\">\n                                <p>Ces derni\u00e8res ann\u00e9es, on a assist\u00e9 dans le monde entier \u00e0 de nombreux efforts visant \u00e0 encourager la participation active des communaut\u00e9s et des citoyens aux projets de d\u00e9veloppement ayant des cons\u00e9quences sur leur bien-\u00eatre. <\/p>\n                            <\/div>\n                            <a href=\"https:\/\/3si-green.com\/en\/2024\/08\/18\/developpement-agricole-comprendre-le-modele-faci\/\" class=\"read_more\">\n                                <i class=\"stm-lnr-arrow-right third_bg_color base_bg_color_hv\"><\/i>\n                                <span>\n                                Read more                                <\/span>\n                            <\/a>\n                        <\/div>\n                    <\/div>\n                <\/li>\n\n            \n                                <li class=\"view_style_3\">\n                    <div class=\"post_item\">\n                                                    <a href=\"https:\/\/3si-green.com\/en\/2024\/08\/18\/loi-sur-le-local-content-explication-de-texte\/\" class=\"image\">\n                                <img src='https:\/\/3si-green.com\/wp-content\/uploads\/elementor\/thumbs\/IM_3-1-qu620gvcvax52nq4uvodkheav746yjswshe44quen8.jpg' alt='' \/>                            <\/a>\n                                                <div class=\"content\">\n                            <a href=\"https:\/\/3si-green.com\/en\/2024\/08\/18\/loi-sur-le-local-content-explication-de-texte\/\" class=\"title base_font_color\">\n                                <h5 class=\"secondary_font_color_hv\">Loi sur le \u00ab\u00a0local content\u00a0\u00bb : explication de texte<\/h5>\n                            <\/a>\n                            <div class=\"description\">\n                                <p>Le S\u00e9n\u00e9gal a entam\u00e9 avec la loi n\u00b0 2019-04 du 01er f\u00e9vrier 2019, la mise en place d\u2019un dispositif l\u00e9gislatif, r\u00e9glementaire et institutionnel relatif au contenu local dans le secteur des hydrocarbures.<\/p>\n                            <\/div>\n                            <a href=\"https:\/\/3si-green.com\/en\/2024\/08\/18\/loi-sur-le-local-content-explication-de-texte\/\" class=\"read_more\">\n                                <i class=\"stm-lnr-arrow-right third_bg_color base_bg_color_hv\"><\/i>\n                                <span>\n                                Read more                                <\/span>\n                            <\/a>\n                        <\/div>\n                    <\/div>\n                <\/li>\n\n                    <\/ul>\n    <\/div>\n\t\t\t\t<\/div>\n\t\t\t\t<\/div>\n\t\t\t\t\t<\/div>\n\t\t<\/div>\n\t\t\t\t<div class=\"elementor-column elementor-col-33 elementor-top-column elementor-element elementor-element-1a78428\" data-id=\"1a78428\" data-element_type=\"column\" data-e-type=\"column\">\n\t\t\t<div class=\"elementor-widget-wrap elementor-element-populated\">\n\t\t\t\t\t\t<div class=\"elementor-element elementor-element-1a78961 elementor-widget elementor-widget-stm_sidebar\" data-id=\"1a78961\" data-element_type=\"widget\" data-e-type=\"widget\" data-widget_type=\"stm_sidebar.default\">\n\t\t\t\t<div class=\"elementor-widget-container\">\n\t\t\t\t\t\n<div class=\"stm_sidebar consulting_elementor_sidebar\">\n\n            \t\t<div data-elementor-type=\"wp-post\" data-elementor-id=\"311\" class=\"elementor elementor-311\">\n\t\t\t\t\t\t<section class=\"elementor-section elementor-top-section elementor-element elementor-element-4bf263c third_bg_color elementor-section-boxed elementor-section-height-default elementor-section-height-default\" data-id=\"4bf263c\" data-element_type=\"section\" data-e-type=\"section\" data-settings=\"{&quot;background_background&quot;:&quot;classic&quot;}\">\n\t\t\t\t\t\t<div class=\"elementor-container elementor-column-gap-default\">\n\t\t\t\t\t<div class=\"elementor-column elementor-col-100 elementor-top-column elementor-element elementor-element-4bf2f2d\" data-id=\"4bf2f2d\" data-element_type=\"column\" data-e-type=\"column\" data-settings=\"{&quot;background_background&quot;:&quot;classic&quot;}\">\n\t\t\t<div class=\"elementor-widget-wrap elementor-element-populated\">\n\t\t\t\t\t\t<div class=\"elementor-element elementor-element-4bf35af elementor-widget elementor-widget-vc_custom_heading\" data-id=\"4bf35af\" data-element_type=\"widget\" data-e-type=\"widget\" data-widget_type=\"vc_custom_heading.default\">\n\t\t\t\t<div class=\"elementor-widget-container\">\n\t\t\t\t\t<div class=\"vc_custom_heading  consulting_heading_font  text_align_left title_no_stripe\" ><h4 style=\"font-size: 16px;color: #FFFFFF;text-align: left;font-weight:700\" class=\"consulting-custom-title\">Nos p\u00f4les de services sont \u00e0 port\u00e9e de clic.\n<\/h4><\/div>\t\t\t\t<\/div>\n\t\t\t\t<\/div>\n\t\t\t\t<div class=\"elementor-element elementor-element-4bf3a53 elementor-widget elementor-widget-text-editor\" data-id=\"4bf3a53\" data-element_type=\"widget\" data-e-type=\"widget\" data-widget_type=\"text-editor.default\">\n\t\t\t\t<div class=\"elementor-widget-container\">\n\t\t\t\t\t\t\t\t\t<p><span style=\"font-size: 13px; line-height: 22px; color: #222222;\">N&rsquo;h\u00e9sitez pas \u00e0 nous contacter et nous faire part de vos besoins sp\u00e9cifiques.<\/span><\/p>\n\t\t\t\t\t\t\t\t<\/div>\n\t\t\t\t<\/div>\n\t\t\t\t\t<\/div>\n\t\t<\/div>\n\t\t\t\t\t<\/div>\n\t\t<\/section>\n\t\t\t\t<section class=\"elementor-section elementor-top-section elementor-element elementor-element-4befcf6 elementor-section-boxed elementor-section-height-default elementor-section-height-default\" data-id=\"4befcf6\" data-element_type=\"section\" data-e-type=\"section\" data-settings=\"{&quot;background_background&quot;:&quot;classic&quot;}\">\n\t\t\t\t\t\t<div class=\"elementor-container elementor-column-gap-default\">\n\t\t\t\t\t<div class=\"elementor-column elementor-col-100 elementor-top-column elementor-element elementor-element-4bf03b1\" data-id=\"4bf03b1\" data-element_type=\"column\" data-e-type=\"column\" data-settings=\"{&quot;background_background&quot;:&quot;classic&quot;}\">\n\t\t\t<div class=\"elementor-widget-wrap elementor-element-populated\">\n\t\t\t\t\t\t<div class=\"elementor-element elementor-element-4bf138d elementor-align-center elementor-widget elementor-widget-button\" data-id=\"4bf138d\" data-element_type=\"widget\" data-e-type=\"widget\" data-widget_type=\"button.default\">\n\t\t\t\t<div class=\"elementor-widget-container\">\n\t\t\t\t\t\t\t\t\t<div class=\"elementor-button-wrapper icon_align_row-reverse  button_block\">\n\t\t\t\t\t<a class=\"elementor-button elementor-button-link elementor-size-lg\" href=\"https:\/\/3si-green.com\/en\/contact\/\">\n\t\t\t\t\t\t<span class=\"elementor-button-content-wrapper\">\n\t\t\t\t\t\t<span class=\"elementor-button-icon\">\n\t\t\t\t<svg aria-hidden=\"true\" class=\"e-font-icon-svg e-fas-envelope-open-text\" viewbox=\"0 0 512 512\" xmlns=\"http:\/\/www.w3.org\/2000\/svg\"><path d=\"M176 216h160c8.84 0 16-7.16 16-16v-16c0-8.84-7.16-16-16-16H176c-8.84 0-16 7.16-16 16v16c0 8.84 7.16 16 16 16zm-16 80c0 8.84 7.16 16 16 16h160c8.84 0 16-7.16 16-16v-16c0-8.84-7.16-16-16-16H176c-8.84 0-16 7.16-16 16v16zm96 121.13c-16.42 0-32.84-5.06-46.86-15.19L0 250.86V464c0 26.51 21.49 48 48 48h416c26.51 0 48-21.49 48-48V250.86L302.86 401.94c-14.02 10.12-30.44 15.19-46.86 15.19zm237.61-254.18c-8.85-6.94-17.24-13.47-29.61-22.81V96c0-26.51-21.49-48-48-48h-77.55c-3.04-2.2-5.87-4.26-9.04-6.56C312.6 29.17 279.2-.35 256 0c-23.2-.35-56.59 29.17-73.41 41.44-3.17 2.3-6 4.36-9.04 6.56H96c-26.51 0-48 21.49-48 48v44.14c-12.37 9.33-20.76 15.87-29.61 22.81A47.995 47.995 0 0 0 0 200.72v10.65l96 69.35V96h320v184.72l96-69.35v-10.65c0-14.74-6.78-28.67-18.39-37.77z\"><\/path><\/svg>\t\t\t<\/span>\n\t\t\t\t\t\t\t\t\t<span class=\"elementor-button-text\">Contacts<\/span>\n\t\t\t\t\t<\/span>\n\t\t\t\t\t<\/a>\n\t\t\t\t<\/div>\n\t\t\t\t\t\t\t\t<\/div>\n\t\t\t\t<\/div>\n\t\t\t\t<div class=\"elementor-element elementor-element-9754bd3 elementor-align-center elementor-widget elementor-widget-button\" data-id=\"9754bd3\" data-element_type=\"widget\" data-e-type=\"widget\" data-widget_type=\"button.default\">\n\t\t\t\t<div class=\"elementor-widget-container\">\n\t\t\t\t\t\t\t\t\t<div class=\"elementor-button-wrapper icon_align_row-reverse  button_block\">\n\t\t\t\t\t<a class=\"elementor-button elementor-button-link elementor-size-md\" href=\"https:\/\/3si-green.com\/en\/docutheque\/\">\n\t\t\t\t\t\t<span class=\"elementor-button-content-wrapper\">\n\t\t\t\t\t\t<span class=\"elementor-button-icon\">\n\t\t\t\t<i aria-hidden=\"true\" class=\"stm-docs7\"><\/i>\t\t\t<\/span>\n\t\t\t\t\t\t\t\t\t<span class=\"elementor-button-text\">Docuth\u00e8que<\/span>\n\t\t\t\t\t<\/span>\n\t\t\t\t\t<\/a>\n\t\t\t\t<\/div>\n\t\t\t\t\t\t\t\t<\/div>\n\t\t\t\t<\/div>\n\t\t\t\t\t<\/div>\n\t\t<\/div>\n\t\t\t\t\t<\/div>\n\t\t<\/section>\n\t\t<div class=\"elementor-element elementor-element-83ccec2 e-flex e-con-boxed e-con e-parent\" data-id=\"83ccec2\" data-element_type=\"container\" data-e-type=\"container\" data-settings=\"{&quot;background_background&quot;:&quot;classic&quot;}\">\n\t\t\t\t\t<div class=\"e-con-inner\">\n\t\t\t\t<div class=\"elementor-element elementor-element-1d53754 elementor-widget elementor-widget-stm_news\" data-id=\"1d53754\" data-element_type=\"widget\" data-e-type=\"widget\" data-widget_type=\"stm_news.default\">\n\t\t\t\t<div class=\"elementor-widget-container\">\n\t\t\t\t\t\t\t\t\t<div class=\"consulting_posts_box consulting_elementor_posts\t\t\t\tminimalistic\">\n\t\t\t\t\t<ul class=\"consulting_posts posts_per_row_1\">\n\t\t\t\t\t\t<li class=\"post_item\">\n\t<div class=\"post_inner\">\n\t\t\t\t<div class=\"news_item_info content_left\">\n\t\t\t\t\t\t<h5 class=\"news_item_title line_under_title\">\n\t\t\t\t<a href=\"https:\/\/3si-green.com\/en\/2024\/08\/18\/la-question-de-la-revue-des-engagements-dans-laccord-de-paris\/\">La question de la revue des engagements de l\u2019Accord de Paris<\/a>\n\t\t\t<\/h5>\n\t\t\t\t\t\t\t<div class=\"category\">\n\t\t\t\t\t<a href=\"https:\/\/3si-green.com\/en\/category\/gouvernance-environnementale\/\" class=\"category category-0\">Gouvernance environnementale<\/a>\t\t\t\t<\/div>\n\t\t\t\t\t\t\t<div class=\"news_info_bottom\">\n\t\t\t\t\t\t\t\t\t<a href=\"https:\/\/3si-green.com\/en\/2024\/08\/18\/la-question-de-la-revue-des-engagements-dans-laccord-de-paris\/\" class=\"news_item_button\">\n\t\t\t\t\t\tLire<svg aria-hidden=\"true\" class=\"button_icon after_icon e-font-icon-svg e-fas-arrow-right\" viewbox=\"0 0 448 512\" xmlns=\"http:\/\/www.w3.org\/2000\/svg\"><path d=\"M190.5 66.9l22.2-22.2c9.4-9.4 24.6-9.4 33.9 0L441 239c9.4 9.4 9.4 24.6 0 33.9L246.6 467.3c-9.4 9.4-24.6 9.4-33.9 0l-22.2-22.2c-9.5-9.5-9.3-25 .4-34.3L311.4 296H24c-13.3 0-24-10.7-24-24v-32c0-13.3 10.7-24 24-24h287.4L190.9 101.2c-9.8-9.3-10-24.8-.4-34.3z\"><\/path><\/svg>\t\t\t\t\t<\/a>\n\t\t\t\t\t\t\t\t<\/div>\n\t\t<\/div>\n\t<\/div>\n<\/li>\n<li class=\"post_item\">\n\t<div class=\"post_inner\">\n\t\t\t\t<div class=\"news_item_info content_left\">\n\t\t\t\t\t\t<h5 class=\"news_item_title line_under_title\">\n\t\t\t\t<a href=\"https:\/\/3si-green.com\/en\/2024\/08\/18\/developpement-agricole-comprendre-le-modele-faci\/\">D\u00e9veloppement agricole : comprendre le mod\u00e8le FACI<\/a>\n\t\t\t<\/h5>\n\t\t\t\t\t\t\t<div class=\"category\">\n\t\t\t\t\t<a href=\"https:\/\/3si-green.com\/en\/category\/souverainete-alimentaire\/\" class=\"category category-0\">Souverainet\u00e9 alimentaire<\/a>\t\t\t\t<\/div>\n\t\t\t\t\t\t\t<div class=\"news_info_bottom\">\n\t\t\t\t\t\t\t\t\t<a href=\"https:\/\/3si-green.com\/en\/2024\/08\/18\/developpement-agricole-comprendre-le-modele-faci\/\" class=\"news_item_button\">\n\t\t\t\t\t\tLire<svg aria-hidden=\"true\" class=\"button_icon after_icon e-font-icon-svg e-fas-arrow-right\" viewbox=\"0 0 448 512\" xmlns=\"http:\/\/www.w3.org\/2000\/svg\"><path d=\"M190.5 66.9l22.2-22.2c9.4-9.4 24.6-9.4 33.9 0L441 239c9.4 9.4 9.4 24.6 0 33.9L246.6 467.3c-9.4 9.4-24.6 9.4-33.9 0l-22.2-22.2c-9.5-9.5-9.3-25 .4-34.3L311.4 296H24c-13.3 0-24-10.7-24-24v-32c0-13.3 10.7-24 24-24h287.4L190.9 101.2c-9.8-9.3-10-24.8-.4-34.3z\"><\/path><\/svg>\t\t\t\t\t<\/a>\n\t\t\t\t\t\t\t\t<\/div>\n\t\t<\/div>\n\t<\/div>\n<\/li>\n<li class=\"post_item\">\n\t<div class=\"post_inner\">\n\t\t\t\t<div class=\"news_item_info content_left\">\n\t\t\t\t\t\t<h5 class=\"news_item_title line_under_title\">\n\t\t\t\t<a href=\"https:\/\/3si-green.com\/en\/2024\/08\/18\/loi-sur-le-local-content-explication-de-texte\/\">Loi sur le \u00ab\u00a0local content\u00a0\u00bb : explication de texte<\/a>\n\t\t\t<\/h5>\n\t\t\t\t\t\t\t<div class=\"category\">\n\t\t\t\t\t<a href=\"https:\/\/3si-green.com\/en\/category\/management-strategique-des-rn\/\" class=\"category category-0\">Management strat\u00e9gique des RN<\/a>\t\t\t\t<\/div>\n\t\t\t\t\t\t\t<div class=\"news_info_bottom\">\n\t\t\t\t\t\t\t\t\t<a href=\"https:\/\/3si-green.com\/en\/2024\/08\/18\/loi-sur-le-local-content-explication-de-texte\/\" class=\"news_item_button\">\n\t\t\t\t\t\tLire<svg aria-hidden=\"true\" class=\"button_icon after_icon e-font-icon-svg e-fas-arrow-right\" viewbox=\"0 0 448 512\" xmlns=\"http:\/\/www.w3.org\/2000\/svg\"><path d=\"M190.5 66.9l22.2-22.2c9.4-9.4 24.6-9.4 33.9 0L441 239c9.4 9.4 9.4 24.6 0 33.9L246.6 467.3c-9.4 9.4-24.6 9.4-33.9 0l-22.2-22.2c-9.5-9.5-9.3-25 .4-34.3L311.4 296H24c-13.3 0-24-10.7-24-24v-32c0-13.3 10.7-24 24-24h287.4L190.9 101.2c-9.8-9.3-10-24.8-.4-34.3z\"><\/path><\/svg>\t\t\t\t\t<\/a>\n\t\t\t\t\t\t\t\t<\/div>\n\t\t<\/div>\n\t<\/div>\n<\/li>\n\t\t\t\t\t<\/ul>\n\t\t\t\t<\/div>\n\t\t\t\t\t\t\t\t<\/div>\n\t\t\t\t<\/div>\n\t\t\t\t\t<\/div>\n\t\t\t\t<\/div>\n\t\t\t\t<\/div>\n\t\t    \n<\/div>\t\t\t\t<\/div>\n\t\t\t\t<\/div>\n\t\t\t\t\t<\/div>\n\t\t<\/div>\n\t\t\t\t\t<\/div>\n\t\t<\/section>\n\t\t\t\t<\/div>","protected":false},"excerpt":{"rendered":"<p>[vc_row][vc_column width=\u00a0\u00bb2\/3&Prime;][stm_news loop=\u00a0\u00bbsize:10|post_type:post\u00a0\u00bb view_style=\u00a0\u00bbstyle_3&Prime;][\/vc_column][vc_column width=\u00a0\u00bb1\/3&Prime;][stm_sidebar sidebar=\u00a0\u00bb311&Prime;][\/vc_column][\/vc_row]<\/p>","protected":false},"author":1,"featured_media":0,"parent":0,"menu_order":0,"comment_status":"closed","ping_status":"closed","template":"","meta":{"footnotes":""},"class_list":["post-6285","page","type-page","status-publish","hentry"],"yoast_head":"<!-- This site is optimized with the Yoast SEO plugin v23.7 - https:\/\/yoast.com\/wordpress\/plugins\/seo\/ -->\n<title>News list - 3S INGENIERIE<\/title>\n<meta name=\"robots\" content=\"index, follow, max-snippet:-1, max-image-preview:large, max-video-preview:-1\" \/>\n<link rel=\"canonical\" href=\"https:\/\/3si-green.com\/en\/news-list\/\" \/>\n<meta property=\"og:locale\" content=\"en_US\" \/>\n<meta property=\"og:type\" content=\"article\" \/>\n<meta property=\"og:title\" content=\"News list - 3S INGENIERIE\" \/>\n<meta property=\"og:description\" content=\"[vc_row][vc_column width=\u00a0\u00bb2\/3&Prime;][stm_news loop=\u00a0\u00bbsize:10|post_type:post\u00a0\u00bb view_style=\u00a0\u00bbstyle_3&Prime;][\/vc_column][vc_column width=\u00a0\u00bb1\/3&Prime;][stm_sidebar sidebar=\u00a0\u00bb311&Prime;][\/vc_column][\/vc_row]\" \/>\n<meta property=\"og:url\" content=\"https:\/\/3si-green.com\/en\/news-list\/\" \/>\n<meta property=\"og:site_name\" content=\"3S INGENIERIE\" \/>\n<meta property=\"article:modified_time\" content=\"2024-08-19T05:19:49+00:00\" \/>\n<meta name=\"twitter:card\" content=\"summary_large_image\" \/>\n<meta name=\"twitter:site\" content=\"@3sigreen\" \/>\n<script type=\"application\/ld+json\" class=\"yoast-schema-graph\">{\"@context\":\"https:\/\/schema.org\",\"@graph\":[{\"@type\":\"WebPage\",\"@id\":\"https:\/\/3si-green.com\/news-list\/\",\"url\":\"https:\/\/3si-green.com\/news-list\/\",\"name\":\"News list - 3S INGENIERIE\",\"isPartOf\":{\"@id\":\"https:\/\/3si-green.com\/#website\"},\"datePublished\":\"2019-11-27T11:20:42+00:00\",\"dateModified\":\"2024-08-19T05:19:49+00:00\",\"breadcrumb\":{\"@id\":\"https:\/\/3si-green.com\/news-list\/#breadcrumb\"},\"inLanguage\":\"en-US\",\"potentialAction\":[{\"@type\":\"ReadAction\",\"target\":[\"https:\/\/3si-green.com\/news-list\/\"]}]},{\"@type\":\"BreadcrumbList\",\"@id\":\"https:\/\/3si-green.com\/news-list\/#breadcrumb\",\"itemListElement\":[{\"@type\":\"ListItem\",\"position\":1,\"name\":\"Accueil\",\"item\":\"https:\/\/3si-green.com\/\"},{\"@type\":\"ListItem\",\"position\":2,\"name\":\"News list\"}]},{\"@type\":\"WebSite\",\"@id\":\"https:\/\/3si-green.com\/#website\",\"url\":\"https:\/\/3si-green.com\/\",\"name\":\"3S INGENIERIE\",\"description\":\"Cabinet d&#039;Ing\u00e9nierie &amp; de D\u00e9veloppement\",\"publisher\":{\"@id\":\"https:\/\/3si-green.com\/#organization\"},\"potentialAction\":[{\"@type\":\"SearchAction\",\"target\":{\"@type\":\"EntryPoint\",\"urlTemplate\":\"https:\/\/3si-green.com\/?s={search_term_string}\"},\"query-input\":{\"@type\":\"PropertyValueSpecification\",\"valueRequired\":true,\"valueName\":\"search_term_string\"}}],\"inLanguage\":\"en-US\"},{\"@type\":\"Organization\",\"@id\":\"https:\/\/3si-green.com\/#organization\",\"name\":\"3S INGENIERIE\",\"url\":\"https:\/\/3si-green.com\/\",\"logo\":{\"@type\":\"ImageObject\",\"inLanguage\":\"en-US\",\"@id\":\"https:\/\/3si-green.com\/#\/schema\/logo\/image\/\",\"url\":\"https:\/\/3si-green.com\/wp-content\/uploads\/2024\/08\/LOGO_EXPORT-1-e1724051297899.png\",\"contentUrl\":\"https:\/\/3si-green.com\/wp-content\/uploads\/2024\/08\/LOGO_EXPORT-1-e1724051297899.png\",\"width\":2762,\"height\":2758,\"caption\":\"3S INGENIERIE\"},\"image\":{\"@id\":\"https:\/\/3si-green.com\/#\/schema\/logo\/image\/\"},\"sameAs\":[\"https:\/\/x.com\/3sigreen\"]}]}<\/script>\n<!-- \/ Yoast SEO plugin. -->","yoast_head_json":{"title":"News list - 3S INGENIERIE","robots":{"index":"index","follow":"follow","max-snippet":"max-snippet:-1","max-image-preview":"max-image-preview:large","max-video-preview":"max-video-preview:-1"},"canonical":"https:\/\/3si-green.com\/en\/news-list\/","og_locale":"en_US","og_type":"article","og_title":"News list - 3S INGENIERIE","og_description":"[vc_row][vc_column width=\u00a0\u00bb2\/3&Prime;][stm_news loop=\u00a0\u00bbsize:10|post_type:post\u00a0\u00bb view_style=\u00a0\u00bbstyle_3&Prime;][\/vc_column][vc_column width=\u00a0\u00bb1\/3&Prime;][stm_sidebar sidebar=\u00a0\u00bb311&Prime;][\/vc_column][\/vc_row]","og_url":"https:\/\/3si-green.com\/en\/news-list\/","og_site_name":"3S INGENIERIE","article_modified_time":"2024-08-19T05:19:49+00:00","twitter_card":"summary_large_image","twitter_site":"@3sigreen","schema":{"@context":"https:\/\/schema.org","@graph":[{"@type":"WebPage","@id":"https:\/\/3si-green.com\/news-list\/","url":"https:\/\/3si-green.com\/news-list\/","name":"News list - 3S INGENIERIE","isPartOf":{"@id":"https:\/\/3si-green.com\/#website"},"datePublished":"2019-11-27T11:20:42+00:00","dateModified":"2024-08-19T05:19:49+00:00","breadcrumb":{"@id":"https:\/\/3si-green.com\/news-list\/#breadcrumb"},"inLanguage":"en-US","potentialAction":[{"@type":"ReadAction","target":["https:\/\/3si-green.com\/news-list\/"]}]},{"@type":"BreadcrumbList","@id":"https:\/\/3si-green.com\/news-list\/#breadcrumb","itemListElement":[{"@type":"ListItem","position":1,"name":"Accueil","item":"https:\/\/3si-green.com\/"},{"@type":"ListItem","position":2,"name":"News list"}]},{"@type":"WebSite","@id":"https:\/\/3si-green.com\/#website","url":"https:\/\/3si-green.com\/","name":"3S INGENIERIE","description":"Cabinet d&#039;Ing\u00e9nierie &amp; de D\u00e9veloppement","publisher":{"@id":"https:\/\/3si-green.com\/#organization"},"potentialAction":[{"@type":"SearchAction","target":{"@type":"EntryPoint","urlTemplate":"https:\/\/3si-green.com\/?s={search_term_string}"},"query-input":{"@type":"PropertyValueSpecification","valueRequired":true,"valueName":"search_term_string"}}],"inLanguage":"en-US"},{"@type":"Organization","@id":"https:\/\/3si-green.com\/#organization","name":"3S INGENIERIE","url":"https:\/\/3si-green.com\/","logo":{"@type":"ImageObject","inLanguage":"en-US","@id":"https:\/\/3si-green.com\/#\/schema\/logo\/image\/","url":"https:\/\/3si-green.com\/wp-content\/uploads\/2024\/08\/LOGO_EXPORT-1-e1724051297899.png","contentUrl":"https:\/\/3si-green.com\/wp-content\/uploads\/2024\/08\/LOGO_EXPORT-1-e1724051297899.png","width":2762,"height":2758,"caption":"3S INGENIERIE"},"image":{"@id":"https:\/\/3si-green.com\/#\/schema\/logo\/image\/"},"sameAs":["https:\/\/x.com\/3sigreen"]}]}},"_links":{"self":[{"href":"https:\/\/3si-green.com\/en\/wp-json\/wp\/v2\/pages\/6285","targetHints":{"allow":["GET"]}}],"collection":[{"href":"https:\/\/3si-green.com\/en\/wp-json\/wp\/v2\/pages"}],"about":[{"href":"https:\/\/3si-green.com\/en\/wp-json\/wp\/v2\/types\/page"}],"author":[{"embeddable":true,"href":"https:\/\/3si-green.com\/en\/wp-json\/wp\/v2\/users\/1"}],"replies":[{"embeddable":true,"href":"https:\/\/3si-green.com\/en\/wp-json\/wp\/v2\/comments?post=6285"}],"version-history":[{"count":1,"href":"https:\/\/3si-green.com\/en\/wp-json\/wp\/v2\/pages\/6285\/revisions"}],"predecessor-version":[{"id":7141,"href":"https:\/\/3si-green.com\/en\/wp-json\/wp\/v2\/pages\/6285\/revisions\/7141"}],"wp:attachment":[{"href":"https:\/\/3si-green.com\/en\/wp-json\/wp\/v2\/media?parent=6285"}],"curies":[{"name":"wp","href":"https:\/\/api.w.org\/{rel}","templated":true}]}}