{"id":6206,"date":"2019-11-25T05:33:35","date_gmt":"2019-11-25T05:33:35","guid":{"rendered":"http:\/\/consulting.stylemixthemes.com\/demo\/?page_id=6206"},"modified":"2024-08-19T07:19:49","modified_gmt":"2024-08-19T05:19:49","slug":"services-grid-2","status":"publish","type":"page","link":"https:\/\/3si-green.com\/en\/services-grid-2\/","title":{"rendered":"Services Grid 2"},"content":{"rendered":"<div data-elementor-type=\"wp-page\" data-elementor-id=\"6206\" class=\"elementor elementor-6206 elementor-bc-flex-widget\">\n\t\t\t\t\t\t<section class=\"elementor-section elementor-top-section elementor-element elementor-element-2a1221d elementor-section-boxed elementor-section-height-default elementor-section-height-default\" data-id=\"2a1221d\" data-element_type=\"section\" data-e-type=\"section\">\n\t\t\t\t\t\t<div class=\"elementor-container elementor-column-gap-default\">\n\t\t\t\t\t<div class=\"elementor-column elementor-col-100 elementor-top-column elementor-element elementor-element-2a127d3\" data-id=\"2a127d3\" data-element_type=\"column\" data-e-type=\"column\">\n\t\t\t<div class=\"elementor-widget-wrap elementor-element-populated\">\n\t\t\t\t\t\t<div class=\"elementor-element elementor-element-2a12cc9 elementor-widget elementor-widget-stm_services\" data-id=\"2a12cc9\" data-element_type=\"widget\" data-e-type=\"widget\" data-widget_type=\"stm_services.default\">\n\t\t\t\t<div class=\"elementor-widget-container\">\n\t\t\t\t\t\n    <div class=\"stm_services consulting_elementor_services style_4 cols_3\">\n                    <div class=\"item\">\n                <div class=\"item_wr\">\n                                                                    <div class=\"item_thumbnail\">\n                            <a href=\"https:\/\/3si-green.com\/en\/service\/finance-verte\/\">\n                                <img src='https:\/\/3si-green.com\/wp-content\/uploads\/elementor\/thumbs\/WEB-3-qu620ir2cfw5w4l6xa27hodqr9kvezpt79j1esa4wg.jpg' alt='' \/>                                <div class=\"item_info\">\n                                    <h5>Gouvernance Climatique et Environnementale (GCE)<\/h5>\n                                    <span><i class=\"stm-lnr-arrow-right before-text\"><\/i>Read more <i class=\"stm-lnr-arrow-right\"><\/i><\/span>\n                                <\/div>\n                            <\/a>\n                        <\/div>\n                                    <\/div>\n            <\/div>\n                    <div class=\"item\">\n                <div class=\"item_wr\">\n                                                                    <div class=\"item_thumbnail\">\n                            <a href=\"https:\/\/3si-green.com\/en\/service\/management-strategique-geopolitique-des-ressources-naturelles-msgrn\/\">\n                                <img src='https:\/\/3si-green.com\/wp-content\/uploads\/elementor\/thumbs\/SLIDER_2-qu620ir2cfw5w4l6xa27hodqr9kvezpt79j1esa4wg.jpg' alt='' \/>                                <div class=\"item_info\">\n                                    <h5>Management Strat\u00e9gique &#038; G\u00e9opolitique des Ressources Naturelles (MSGRN)<\/h5>\n                                    <span><i class=\"stm-lnr-arrow-right before-text\"><\/i>Read more <i class=\"stm-lnr-arrow-right\"><\/i><\/span>\n                                <\/div>\n                            <\/a>\n                        <\/div>\n                                    <\/div>\n            <\/div>\n                    <div class=\"item\">\n                <div class=\"item_wr\">\n                                                                    <div class=\"item_thumbnail\">\n                            <a href=\"https:\/\/3si-green.com\/en\/service\/souverainete-alimentaire\/\">\n                                <img src='https:\/\/3si-green.com\/wp-content\/uploads\/elementor\/thumbs\/12-qu620e1ve9pqa2s0oq12n7kfsc81ci75im9m0eh3rk.jpg' alt='' \/>                                <div class=\"item_info\">\n                                    <h5>Souverainet\u00e9 Alimentaire &#038; Nutritionnelle &#038; Equit\u00e9 Sociale (SANES)<\/h5>\n                                    <span><i class=\"stm-lnr-arrow-right before-text\"><\/i>Read more <i class=\"stm-lnr-arrow-right\"><\/i><\/span>\n                                <\/div>\n                            <\/a>\n                        <\/div>\n                                    <\/div>\n            <\/div>\n                    <div class=\"item\">\n                <div class=\"item_wr\">\n                                                                    <div class=\"item_thumbnail\">\n                            <a href=\"https:\/\/3si-green.com\/en\/service\/gouvernance-economique\/\">\n                                <img src='https:\/\/3si-green.com\/wp-content\/uploads\/elementor\/thumbs\/Design-sans-titre-20-qzkwy92cm10bfffzy3pjuns12n8xpd04kzaybw2jio.jpg' alt='' \/>                                <div class=\"item_info\">\n                                    <h5>Gouvernance Institutionnelle &#038; Economique (GIE)<\/h5>\n                                    <span><i class=\"stm-lnr-arrow-right before-text\"><\/i>Read more <i class=\"stm-lnr-arrow-right\"><\/i><\/span>\n                                <\/div>\n                            <\/a>\n                        <\/div>\n                                    <\/div>\n            <\/div>\n                    <div class=\"item\">\n                <div class=\"item_wr\">\n                                                                    <div class=\"item_thumbnail\">\n                            <a href=\"https:\/\/3si-green.com\/en\/service\/etudes-appui-conseil-formation\/\">\n                                <img src='https:\/\/3si-green.com\/wp-content\/uploads\/elementor\/thumbs\/10-qu620e1ve9pqa2s0oq12n7kfsc81ci75im9m0eh3rk.jpg' alt='' \/>                                <div class=\"item_info\">\n                                    <h5>Etudes, Appui-conseil &#038; Formation<\/h5>\n                                    <span><i class=\"stm-lnr-arrow-right before-text\"><\/i>Read more <i class=\"stm-lnr-arrow-right\"><\/i><\/span>\n                                <\/div>\n                            <\/a>\n                        <\/div>\n                                    <\/div>\n            <\/div>\n                    <div class=\"item\">\n                <div class=\"item_wr\">\n                                                                    <div class=\"item_thumbnail\">\n                            <a href=\"https:\/\/3si-green.com\/en\/service\/dialogues-de-haut-niveau-des-decideurs\/\">\n                                <img src='https:\/\/3si-green.com\/wp-content\/uploads\/elementor\/thumbs\/Design-sans-titre-19-qzkwo2hakn2hni8hep91u8a9edfsbekt6kvl5z62xc.jpg' alt='' \/>                                <div class=\"item_info\">\n                                    <h5>Dialogues de Haut Niveau des D\u00e9cideurs (DHND)<\/h5>\n                                    <span><i class=\"stm-lnr-arrow-right before-text\"><\/i>Read more <i class=\"stm-lnr-arrow-right\"><\/i><\/span>\n                                <\/div>\n                            <\/a>\n                        <\/div>\n                                    <\/div>\n            <\/div>\n                    <div class=\"item\">\n                <div class=\"item_wr\">\n                                                                    <div class=\"item_thumbnail\">\n                            <a href=\"https:\/\/3si-green.com\/en\/service\/financial-services\/\">\n                                <img src='https:\/\/3si-green.com\/wp-content\/uploads\/elementor\/thumbs\/WEB-3-qu620ir2cfw5w4l6xa27hodqr9kvezpt79j1esa4wg.jpg' alt='' \/>                                <div class=\"item_info\">\n                                    <h5>Gouvernance climatique &#038; Environnementale<\/h5>\n                                    <span><i class=\"stm-lnr-arrow-right before-text\"><\/i>Read more <i class=\"stm-lnr-arrow-right\"><\/i><\/span>\n                                <\/div>\n                            <\/a>\n                        <\/div>\n                                    <\/div>\n            <\/div>\n                    <div class=\"item\">\n                <div class=\"item_wr\">\n                                                                    <div class=\"item_thumbnail\">\n                            <a href=\"https:\/\/3si-green.com\/en\/service\/management-strategique-des-ressources-naturelles\/\">\n                                <img src='https:\/\/3si-green.com\/wp-content\/uploads\/elementor\/thumbs\/SLIDER_2-qu620ir2cfw5w4l6xa27hodqr9kvezpt79j1esa4wg.jpg' alt='' \/>                                <div class=\"item_info\">\n                                    <h5>Management &#038; G\u00e9opolitique des Ressources Naturelles<\/h5>\n                                    <span><i class=\"stm-lnr-arrow-right before-text\"><\/i>Read more <i class=\"stm-lnr-arrow-right\"><\/i><\/span>\n                                <\/div>\n                            <\/a>\n                        <\/div>\n                                    <\/div>\n            <\/div>\n                    <div class=\"item\">\n                <div class=\"item_wr\">\n                                                                    <div class=\"item_thumbnail\">\n                            <a href=\"https:\/\/3si-green.com\/en\/service\/enjeux-de-souverainete-alimentaire\/\">\n                                <img src='https:\/\/3si-green.com\/wp-content\/uploads\/elementor\/thumbs\/WEB-2-qu620aaimxkkzmxhaoekd8ilesqkhps863no3amogg.png' alt='' \/>                                <div class=\"item_info\">\n                                    <h5>S\u00e9curit\u00e9 Alimentaire &#038; Nutritionnelle, Equit\u00e9 Sociale<\/h5>\n                                    <span><i class=\"stm-lnr-arrow-right before-text\"><\/i>Read more <i class=\"stm-lnr-arrow-right\"><\/i><\/span>\n                                <\/div>\n                            <\/a>\n                        <\/div>\n                                    <\/div>\n            <\/div>\n                    <div class=\"item\">\n                <div class=\"item_wr\">\n                                                                    <div class=\"item_thumbnail\">\n                            <a href=\"https:\/\/3si-green.com\/en\/service\/gouvernance-democratique\/\">\n                                <img src='https:\/\/3si-green.com\/wp-content\/uploads\/elementor\/thumbs\/WEB-6-qu620ir2cfw5w4l6xa27hodqr9kvezpt79j1esa4wg.png' alt='' \/>                                <div class=\"item_info\">\n                                    <h5>Gouvernance Institutionnelle et Economique<\/h5>\n                                    <span><i class=\"stm-lnr-arrow-right before-text\"><\/i>Read more <i class=\"stm-lnr-arrow-right\"><\/i><\/span>\n                                <\/div>\n                            <\/a>\n                        <\/div>\n                                    <\/div>\n            <\/div>\n                    <div class=\"item\">\n                <div class=\"item_wr\">\n                                                                    <div class=\"item_thumbnail\">\n                            <a href=\"https:\/\/3si-green.com\/en\/service\/etudes-conseils\/\">\n                                <img src='https:\/\/3si-green.com\/wp-content\/uploads\/elementor\/thumbs\/WEB-4-qu620aaimxkkzmxhaoekd8ilesqkhps863no3amogg.png' alt='' \/>                                <div class=\"item_info\">\n                                    <h5>\u00c9tudes Strat\u00e9giques &#038; Formations<\/h5>\n                                    <span><i class=\"stm-lnr-arrow-right before-text\"><\/i>Read more <i class=\"stm-lnr-arrow-right\"><\/i><\/span>\n                                <\/div>\n                            <\/a>\n                        <\/div>\n                                    <\/div>\n            <\/div>\n                    <div class=\"item\">\n                <div class=\"item_wr\">\n                                                                    <div class=\"item_thumbnail\">\n                            <a href=\"https:\/\/3si-green.com\/en\/service\/formation-structuration-de-filieres\/\">\n                                <img src='https:\/\/3si-green.com\/wp-content\/uploads\/elementor\/thumbs\/WEB-5-qu620b8ctrlvb8w456t6xqa206lxpevyi8b5kklaa8.png' alt='' \/>                                <div class=\"item_info\">\n                                    <h5>Formation &#038; Structuration de fili\u00e8res<\/h5>\n                                    <span><i class=\"stm-lnr-arrow-right before-text\"><\/i>Read more <i class=\"stm-lnr-arrow-right\"><\/i><\/span>\n                                <\/div>\n                            <\/a>\n                        <\/div>\n                                    <\/div>\n            <\/div>\n            <\/div>\n\t\t\t\t<\/div>\n\t\t\t\t<\/div>\n\t\t\t\t\t<\/div>\n\t\t<\/div>\n\t\t\t\t\t<\/div>\n\t\t<\/section>\n\t\t\t\t<\/div>","protected":false},"excerpt":{"rendered":"<p>[vc_row][vc_column][stm_services posts_per_page=\u00a0\u00bb12&Prime; posts_per_row=\u00a0\u00bb3&Prime; img_size=\u00a0\u00bb350&#215;200&Prime; style=\u00a0\u00bbstyle_4&Prime;][\/vc_column][\/vc_row]<\/p>","protected":false},"author":1,"featured_media":0,"parent":0,"menu_order":0,"comment_status":"closed","ping_status":"closed","template":"","meta":{"footnotes":""},"class_list":["post-6206","page","type-page","status-publish","hentry"],"yoast_head":"<!-- This site is optimized with the Yoast SEO plugin v23.7 - https:\/\/yoast.com\/wordpress\/plugins\/seo\/ -->\n<title>Services Grid 2 - 3S INGENIERIE<\/title>\n<meta name=\"robots\" content=\"index, follow, max-snippet:-1, max-image-preview:large, max-video-preview:-1\" \/>\n<link rel=\"canonical\" href=\"https:\/\/3si-green.com\/en\/services-grid-2\/\" \/>\n<meta property=\"og:locale\" content=\"en_US\" \/>\n<meta property=\"og:type\" content=\"article\" \/>\n<meta property=\"og:title\" content=\"Services Grid 2 - 3S INGENIERIE\" \/>\n<meta property=\"og:description\" content=\"[vc_row][vc_column][stm_services posts_per_page=\u00a0\u00bb12&Prime; posts_per_row=\u00a0\u00bb3&Prime; img_size=\u00a0\u00bb350&#215;200&Prime; style=\u00a0\u00bbstyle_4&Prime;][\/vc_column][\/vc_row]\" \/>\n<meta property=\"og:url\" content=\"https:\/\/3si-green.com\/en\/services-grid-2\/\" \/>\n<meta property=\"og:site_name\" content=\"3S INGENIERIE\" \/>\n<meta property=\"article:modified_time\" content=\"2024-08-19T05:19:49+00:00\" \/>\n<meta name=\"twitter:card\" content=\"summary_large_image\" \/>\n<meta name=\"twitter:site\" content=\"@3sigreen\" \/>\n<script type=\"application\/ld+json\" class=\"yoast-schema-graph\">{\"@context\":\"https:\/\/schema.org\",\"@graph\":[{\"@type\":\"WebPage\",\"@id\":\"https:\/\/3si-green.com\/services-grid-2\/\",\"url\":\"https:\/\/3si-green.com\/services-grid-2\/\",\"name\":\"Services Grid 2 - 3S INGENIERIE\",\"isPartOf\":{\"@id\":\"https:\/\/3si-green.com\/#website\"},\"datePublished\":\"2019-11-25T05:33:35+00:00\",\"dateModified\":\"2024-08-19T05:19:49+00:00\",\"breadcrumb\":{\"@id\":\"https:\/\/3si-green.com\/services-grid-2\/#breadcrumb\"},\"inLanguage\":\"en-US\",\"potentialAction\":[{\"@type\":\"ReadAction\",\"target\":[\"https:\/\/3si-green.com\/services-grid-2\/\"]}]},{\"@type\":\"BreadcrumbList\",\"@id\":\"https:\/\/3si-green.com\/services-grid-2\/#breadcrumb\",\"itemListElement\":[{\"@type\":\"ListItem\",\"position\":1,\"name\":\"Accueil\",\"item\":\"https:\/\/3si-green.com\/\"},{\"@type\":\"ListItem\",\"position\":2,\"name\":\"Services Grid 2\"}]},{\"@type\":\"WebSite\",\"@id\":\"https:\/\/3si-green.com\/#website\",\"url\":\"https:\/\/3si-green.com\/\",\"name\":\"3S INGENIERIE\",\"description\":\"Cabinet d&#039;Ing\u00e9nierie &amp; de D\u00e9veloppement\",\"publisher\":{\"@id\":\"https:\/\/3si-green.com\/#organization\"},\"potentialAction\":[{\"@type\":\"SearchAction\",\"target\":{\"@type\":\"EntryPoint\",\"urlTemplate\":\"https:\/\/3si-green.com\/?s={search_term_string}\"},\"query-input\":{\"@type\":\"PropertyValueSpecification\",\"valueRequired\":true,\"valueName\":\"search_term_string\"}}],\"inLanguage\":\"en-US\"},{\"@type\":\"Organization\",\"@id\":\"https:\/\/3si-green.com\/#organization\",\"name\":\"3S INGENIERIE\",\"url\":\"https:\/\/3si-green.com\/\",\"logo\":{\"@type\":\"ImageObject\",\"inLanguage\":\"en-US\",\"@id\":\"https:\/\/3si-green.com\/#\/schema\/logo\/image\/\",\"url\":\"https:\/\/3si-green.com\/wp-content\/uploads\/2024\/08\/LOGO_EXPORT-1-e1724051297899.png\",\"contentUrl\":\"https:\/\/3si-green.com\/wp-content\/uploads\/2024\/08\/LOGO_EXPORT-1-e1724051297899.png\",\"width\":2762,\"height\":2758,\"caption\":\"3S INGENIERIE\"},\"image\":{\"@id\":\"https:\/\/3si-green.com\/#\/schema\/logo\/image\/\"},\"sameAs\":[\"https:\/\/x.com\/3sigreen\"]}]}<\/script>\n<!-- \/ Yoast SEO plugin. -->","yoast_head_json":{"title":"Services Grid 2 - 3S INGENIERIE","robots":{"index":"index","follow":"follow","max-snippet":"max-snippet:-1","max-image-preview":"max-image-preview:large","max-video-preview":"max-video-preview:-1"},"canonical":"https:\/\/3si-green.com\/en\/services-grid-2\/","og_locale":"en_US","og_type":"article","og_title":"Services Grid 2 - 3S INGENIERIE","og_description":"[vc_row][vc_column][stm_services posts_per_page=\u00a0\u00bb12&Prime; posts_per_row=\u00a0\u00bb3&Prime; img_size=\u00a0\u00bb350&#215;200&Prime; style=\u00a0\u00bbstyle_4&Prime;][\/vc_column][\/vc_row]","og_url":"https:\/\/3si-green.com\/en\/services-grid-2\/","og_site_name":"3S INGENIERIE","article_modified_time":"2024-08-19T05:19:49+00:00","twitter_card":"summary_large_image","twitter_site":"@3sigreen","schema":{"@context":"https:\/\/schema.org","@graph":[{"@type":"WebPage","@id":"https:\/\/3si-green.com\/services-grid-2\/","url":"https:\/\/3si-green.com\/services-grid-2\/","name":"Services Grid 2 - 3S INGENIERIE","isPartOf":{"@id":"https:\/\/3si-green.com\/#website"},"datePublished":"2019-11-25T05:33:35+00:00","dateModified":"2024-08-19T05:19:49+00:00","breadcrumb":{"@id":"https:\/\/3si-green.com\/services-grid-2\/#breadcrumb"},"inLanguage":"en-US","potentialAction":[{"@type":"ReadAction","target":["https:\/\/3si-green.com\/services-grid-2\/"]}]},{"@type":"BreadcrumbList","@id":"https:\/\/3si-green.com\/services-grid-2\/#breadcrumb","itemListElement":[{"@type":"ListItem","position":1,"name":"Accueil","item":"https:\/\/3si-green.com\/"},{"@type":"ListItem","position":2,"name":"Services Grid 2"}]},{"@type":"WebSite","@id":"https:\/\/3si-green.com\/#website","url":"https:\/\/3si-green.com\/","name":"3S INGENIERIE","description":"Cabinet d&#039;Ing\u00e9nierie &amp; de D\u00e9veloppement","publisher":{"@id":"https:\/\/3si-green.com\/#organization"},"potentialAction":[{"@type":"SearchAction","target":{"@type":"EntryPoint","urlTemplate":"https:\/\/3si-green.com\/?s={search_term_string}"},"query-input":{"@type":"PropertyValueSpecification","valueRequired":true,"valueName":"search_term_string"}}],"inLanguage":"en-US"},{"@type":"Organization","@id":"https:\/\/3si-green.com\/#organization","name":"3S INGENIERIE","url":"https:\/\/3si-green.com\/","logo":{"@type":"ImageObject","inLanguage":"en-US","@id":"https:\/\/3si-green.com\/#\/schema\/logo\/image\/","url":"https:\/\/3si-green.com\/wp-content\/uploads\/2024\/08\/LOGO_EXPORT-1-e1724051297899.png","contentUrl":"https:\/\/3si-green.com\/wp-content\/uploads\/2024\/08\/LOGO_EXPORT-1-e1724051297899.png","width":2762,"height":2758,"caption":"3S INGENIERIE"},"image":{"@id":"https:\/\/3si-green.com\/#\/schema\/logo\/image\/"},"sameAs":["https:\/\/x.com\/3sigreen"]}]}},"_links":{"self":[{"href":"https:\/\/3si-green.com\/en\/wp-json\/wp\/v2\/pages\/6206","targetHints":{"allow":["GET"]}}],"collection":[{"href":"https:\/\/3si-green.com\/en\/wp-json\/wp\/v2\/pages"}],"about":[{"href":"https:\/\/3si-green.com\/en\/wp-json\/wp\/v2\/types\/page"}],"author":[{"embeddable":true,"href":"https:\/\/3si-green.com\/en\/wp-json\/wp\/v2\/users\/1"}],"replies":[{"embeddable":true,"href":"https:\/\/3si-green.com\/en\/wp-json\/wp\/v2\/comments?post=6206"}],"version-history":[{"count":1,"href":"https:\/\/3si-green.com\/en\/wp-json\/wp\/v2\/pages\/6206\/revisions"}],"predecessor-version":[{"id":7147,"href":"https:\/\/3si-green.com\/en\/wp-json\/wp\/v2\/pages\/6206\/revisions\/7147"}],"wp:attachment":[{"href":"https:\/\/3si-green.com\/en\/wp-json\/wp\/v2\/media?parent=6206"}],"curies":[{"name":"wp","href":"https:\/\/api.w.org\/{rel}","templated":true}]}}